{"id":39,"date":"2017-07-21T02:15:41","date_gmt":"2017-07-20T23:15:41","guid":{"rendered":"http:\/\/www.arikettukangas.com\/uusisivusto\/?page_id=39"},"modified":"2025-06-27T19:59:11","modified_gmt":"2025-06-27T16:59:11","slug":"ohjelmisto","status":"publish","type":"page","link":"https:\/\/www.arikettukangas.com\/index.php\/ohjelmisto\/","title":{"rendered":"Ohjelmisto"},"content":{"rendered":"<h3>Ari Kettukangas on viihdytt\u00e4nyt yleis\u00f6\u00e4 eri puolilla Suomea 30 vuoden ajan. Kokemuksen ja monipuolisen ohjelman my\u00f6t\u00e4 h\u00e4n on kotonaan kaikenlaisissa tapahtumissa ja tilaisuuksissa. H\u00e4net voi tilata esiintym\u00e4\u00e4n useassa eri ty\u00f6nkuvassa ja niit\u00e4 yhdist\u00e4m\u00e4ll\u00e4:<\/h3>\n<div class=\"multicolumn-row clearfix\">\n<section class=\"widget clearfix at-2-col widget_text\" style=\"color: #ffffff; background-color: #202529; padding-left: 35px; padding-right: 35px;\">\n<h2 style=\"color: #ffffff;\"><strong>Imitaattori<\/strong><\/h2>\n<p>Ari Kettukankaalta l\u00f6ytyy ratkiriemukasta ohjelmaa kaiken ik\u00e4isille. Jokainen esitys r\u00e4\u00e4t\u00e4l\u00f6ityy asiakkaan toiveista mittatilausty\u00f6n\u00e4, jolloin siit\u00e4 saadaan yleis\u00f6n ja tilaisuuden n\u00e4k\u00f6inen. Perusrunkona on puhe- ja laulushow, jonka menossa v\u00e4l\u00e4htelee tuoreet ja ajattomat imitaatiohahmot. Mukana on my\u00f6s erilaisia sketsej\u00e4, vitsej\u00e4 ja stand up -tyylist\u00e4 huumoria. Ohjelmat sopivat esim. yritysten henkil\u00f6kunta- ja asiakastilaisuuksiin, sek\u00e4 erilaisiin messu-, markkina- ja toritapahtumiin. Lis\u00e4ksi erilaisiin yksityistilaisuuksiin mm. pikkujouluihin, h\u00e4ihin ja syntym\u00e4p\u00e4iville. Kysy lis\u00e4tietoja ja pyyd\u00e4 tarjous.<\/p>\n<h2 style=\"color: #ffffff;\"><strong>Palkittu juontaja<br \/>\n<\/strong><\/h2>\n<p>Ari juontaa arvokkaat ja rennot tilaisuudet vankalla ammattitaidolla. Taustalla h\u00e4nell\u00e4 on pitk\u00e4 kokemus keikkarintamalta sek\u00e4 radiojuontajan ja -toimittajan teht\u00e4vist\u00e4 Bauer Media Oy:n palveluksessa Radio Pookissa. T\u00e4st\u00e4 osoituksena h\u00e4net palkittiin valtakunnallisella vuoden paikallisradiojuontaja tunnustuksella RadioMedia ry:n j\u00e4rjest\u00e4m\u00e4ss\u00e4 RadioGaalassa per\u00e4kk\u00e4isin\u00e4 vuosina 2019 ja 2020. Esiintyj\u00e4n\u00e4 h\u00e4nelle ovat tuttuja yleis\u00f6\u00e4 kymmenist\u00e4 aina tuhansiinkin k\u00e4vij\u00f6ihin ker\u00e4\u00e4v\u00e4t tapahtumat. Juonnoissa hoituvat my\u00f6s haastattelut, tuote-edustajien esittelyt, leppoisa kiertely yleis\u00f6n parissa ja ennenkaikkea hyv\u00e4n tunnelman luominen. Vuosikymmenten aikana h\u00e4nelle ovat tulleet tutuksi mm. lukuisat yritystilaisuudet, harjannostajaiset, messut, markkinat, toritapahtumat, gaalat, konsertit ja urheilukilpailut. Tarvittaessa juonto v\u00e4rittyy imitaatioilla ja hersyv\u00e4ll\u00e4 huumorilla.<\/p>\n<h2 style=\"color: #ffffff;\"><strong>Huutokauppameklari<\/strong><\/h2>\n<p>Ari toimii huutokauppojen meklarina. Kokemusta h\u00e4nell\u00e4 on pienist\u00e4 ja isommistakin huutokaupoista. Suurimpina tilaajina ovat olleet erilaiset koneliikkeet ja myyntikohteina niiden raskaskalusto. Huumori on hyv\u00e4 valttikortti kaupank\u00e4ynniss\u00e4. Ensimm\u00e4inen, toinen ja kolmas nauru!<\/p>\n<h2 style=\"color: #ffffff;\"><strong>Mainosspiikkeri<\/strong><\/h2>\n<p>Ari on spiikkannut uransa aikana lukuisan m\u00e4\u00e4r\u00e4n erilaisia radiomainoksia. H\u00e4n k\u00e4ytt\u00e4\u00e4 mainoksissa omaa \u00e4\u00e4nt\u00e4\u00e4n ja imitaatioita. Lopputuloksena syntyy virallinen tai hauska spotti ja vaihtoehdot voidaan my\u00f6s yhdist\u00e4\u00e4 yhteensopivaksi kokonaisuudeksi.<\/p>\n<\/section>\n<section class=\"widget clearfix at-2-col widget_text\" style=\"background-color: #202529; color: white;\"><img decoding=\"async\" class=\"alignright wp-image-80 size-full\" src=\"\/wp-content\/uploads\/AKettukangas_Ohjelmisto.jpg\" alt=\"\" \/><\/section>\n<\/div>\n","protected":false},"excerpt":{"rendered":"<p>Ari Kettukangas on viihdytt\u00e4nyt yleis\u00f6\u00e4 eri puolilla Suomea 30 vuoden ajan. Kokemuksen ja monipuolisen ohjelman my\u00f6t\u00e4 h\u00e4n on kotonaan kaikenlaisissa tapahtumissa ja tilaisuuksissa. H\u00e4net voi tilata esiintym\u00e4\u00e4n useassa eri ty\u00f6nkuvassa ja niit\u00e4 yhdist\u00e4m\u00e4ll\u00e4: Imitaattori Ari Kettukankaalta l\u00f6ytyy ratkiriemukasta ohjelmaa kaiken [&hellip;]<\/p>\n","protected":false},"author":2,"featured_media":0,"parent":0,"menu_order":1,"comment_status":"closed","ping_status":"closed","template":"page-templates\/page_fullwidth.php","meta":{"footnotes":""},"class_list":["post-39","page","type-page","status-publish","hentry","clearfix"],"yoast_head":"<!-- This site is optimized with the Yoast SEO plugin v27.6 - https:\/\/yoast.com\/product\/yoast-seo-wordpress\/ -->\n<title>Ohjelmisto<\/title>\n<meta name=\"robots\" content=\"index, follow, max-snippet:-1, max-image-preview:large, max-video-preview:-1\" \/>\n<link rel=\"canonical\" href=\"https:\/\/www.arikettukangas.com\/index.php\/ohjelmisto\/\" \/>\n<meta property=\"og:locale\" content=\"fi_FI\" \/>\n<meta property=\"og:type\" content=\"article\" \/>\n<meta property=\"og:title\" content=\"Ohjelmisto\" \/>\n<meta property=\"og:description\" content=\"Ari Kettukangas on viihdytt\u00e4nyt yleis\u00f6\u00e4 eri puolilla Suomea 30 vuoden ajan. Kokemuksen ja monipuolisen ohjelman my\u00f6t\u00e4 h\u00e4n on kotonaan kaikenlaisissa tapahtumissa ja tilaisuuksissa. H\u00e4net voi tilata esiintym\u00e4\u00e4n useassa eri ty\u00f6nkuvassa ja niit\u00e4 yhdist\u00e4m\u00e4ll\u00e4: Imitaattori Ari Kettukankaalta l\u00f6ytyy ratkiriemukasta ohjelmaa kaiken [&hellip;]\" \/>\n<meta property=\"og:url\" content=\"https:\/\/www.arikettukangas.com\/index.php\/ohjelmisto\/\" \/>\n<meta property=\"og:site_name\" content=\"Ari Kettukangas imitaattori, laulaja, juontaja\" \/>\n<meta property=\"article:modified_time\" content=\"2025-06-27T16:59:11+00:00\" \/>\n<meta name=\"twitter:card\" content=\"summary_large_image\" \/>\n<meta name=\"twitter:label1\" content=\"Arvioitu lukuaika\" \/>\n\t<meta name=\"twitter:data1\" content=\"2 minuuttia\" \/>\n<script type=\"application\/ld+json\" class=\"yoast-schema-graph\">{\"@context\":\"https:\\\/\\\/schema.org\",\"@graph\":[{\"@type\":\"WebPage\",\"@id\":\"https:\\\/\\\/www.arikettukangas.com\\\/index.php\\\/ohjelmisto\\\/\",\"url\":\"https:\\\/\\\/www.arikettukangas.com\\\/index.php\\\/ohjelmisto\\\/\",\"name\":\"Ohjelmisto\",\"isPartOf\":{\"@id\":\"https:\\\/\\\/www.arikettukangas.com\\\/#website\"},\"datePublished\":\"2017-07-20T23:15:41+00:00\",\"dateModified\":\"2025-06-27T16:59:11+00:00\",\"breadcrumb\":{\"@id\":\"https:\\\/\\\/www.arikettukangas.com\\\/index.php\\\/ohjelmisto\\\/#breadcrumb\"},\"inLanguage\":\"fi\",\"potentialAction\":[{\"@type\":\"ReadAction\",\"target\":[\"https:\\\/\\\/www.arikettukangas.com\\\/index.php\\\/ohjelmisto\\\/\"]}]},{\"@type\":\"BreadcrumbList\",\"@id\":\"https:\\\/\\\/www.arikettukangas.com\\\/index.php\\\/ohjelmisto\\\/#breadcrumb\",\"itemListElement\":[{\"@type\":\"ListItem\",\"position\":1,\"name\":\"Home\",\"item\":\"https:\\\/\\\/www.arikettukangas.com\\\/\"},{\"@type\":\"ListItem\",\"position\":2,\"name\":\"Ohjelmisto\"}]},{\"@type\":\"WebSite\",\"@id\":\"https:\\\/\\\/www.arikettukangas.com\\\/#website\",\"url\":\"https:\\\/\\\/www.arikettukangas.com\\\/\",\"name\":\"Ari Kettukangas imitaattori, laulaja, juontaja\",\"description\":\"\",\"potentialAction\":[{\"@type\":\"SearchAction\",\"target\":{\"@type\":\"EntryPoint\",\"urlTemplate\":\"https:\\\/\\\/www.arikettukangas.com\\\/?s={search_term_string}\"},\"query-input\":{\"@type\":\"PropertyValueSpecification\",\"valueRequired\":true,\"valueName\":\"search_term_string\"}}],\"inLanguage\":\"fi\"}]}<\/script>\n<!-- \/ Yoast SEO plugin. -->","yoast_head_json":{"title":"Ohjelmisto","robots":{"index":"index","follow":"follow","max-snippet":"max-snippet:-1","max-image-preview":"max-image-preview:large","max-video-preview":"max-video-preview:-1"},"canonical":"https:\/\/www.arikettukangas.com\/index.php\/ohjelmisto\/","og_locale":"fi_FI","og_type":"article","og_title":"Ohjelmisto","og_description":"Ari Kettukangas on viihdytt\u00e4nyt yleis\u00f6\u00e4 eri puolilla Suomea 30 vuoden ajan. Kokemuksen ja monipuolisen ohjelman my\u00f6t\u00e4 h\u00e4n on kotonaan kaikenlaisissa tapahtumissa ja tilaisuuksissa. H\u00e4net voi tilata esiintym\u00e4\u00e4n useassa eri ty\u00f6nkuvassa ja niit\u00e4 yhdist\u00e4m\u00e4ll\u00e4: Imitaattori Ari Kettukankaalta l\u00f6ytyy ratkiriemukasta ohjelmaa kaiken [&hellip;]","og_url":"https:\/\/www.arikettukangas.com\/index.php\/ohjelmisto\/","og_site_name":"Ari Kettukangas imitaattori, laulaja, juontaja","article_modified_time":"2025-06-27T16:59:11+00:00","twitter_card":"summary_large_image","twitter_misc":{"Arvioitu lukuaika":"2 minuuttia"},"schema":{"@context":"https:\/\/schema.org","@graph":[{"@type":"WebPage","@id":"https:\/\/www.arikettukangas.com\/index.php\/ohjelmisto\/","url":"https:\/\/www.arikettukangas.com\/index.php\/ohjelmisto\/","name":"Ohjelmisto","isPartOf":{"@id":"https:\/\/www.arikettukangas.com\/#website"},"datePublished":"2017-07-20T23:15:41+00:00","dateModified":"2025-06-27T16:59:11+00:00","breadcrumb":{"@id":"https:\/\/www.arikettukangas.com\/index.php\/ohjelmisto\/#breadcrumb"},"inLanguage":"fi","potentialAction":[{"@type":"ReadAction","target":["https:\/\/www.arikettukangas.com\/index.php\/ohjelmisto\/"]}]},{"@type":"BreadcrumbList","@id":"https:\/\/www.arikettukangas.com\/index.php\/ohjelmisto\/#breadcrumb","itemListElement":[{"@type":"ListItem","position":1,"name":"Home","item":"https:\/\/www.arikettukangas.com\/"},{"@type":"ListItem","position":2,"name":"Ohjelmisto"}]},{"@type":"WebSite","@id":"https:\/\/www.arikettukangas.com\/#website","url":"https:\/\/www.arikettukangas.com\/","name":"Ari Kettukangas imitaattori, laulaja, juontaja","description":"","potentialAction":[{"@type":"SearchAction","target":{"@type":"EntryPoint","urlTemplate":"https:\/\/www.arikettukangas.com\/?s={search_term_string}"},"query-input":{"@type":"PropertyValueSpecification","valueRequired":true,"valueName":"search_term_string"}}],"inLanguage":"fi"}]}},"_links":{"self":[{"href":"https:\/\/www.arikettukangas.com\/index.php\/wp-json\/wp\/v2\/pages\/39","targetHints":{"allow":["GET"]}}],"collection":[{"href":"https:\/\/www.arikettukangas.com\/index.php\/wp-json\/wp\/v2\/pages"}],"about":[{"href":"https:\/\/www.arikettukangas.com\/index.php\/wp-json\/wp\/v2\/types\/page"}],"author":[{"embeddable":true,"href":"https:\/\/www.arikettukangas.com\/index.php\/wp-json\/wp\/v2\/users\/2"}],"replies":[{"embeddable":true,"href":"https:\/\/www.arikettukangas.com\/index.php\/wp-json\/wp\/v2\/comments?post=39"}],"version-history":[{"count":191,"href":"https:\/\/www.arikettukangas.com\/index.php\/wp-json\/wp\/v2\/pages\/39\/revisions"}],"predecessor-version":[{"id":1005,"href":"https:\/\/www.arikettukangas.com\/index.php\/wp-json\/wp\/v2\/pages\/39\/revisions\/1005"}],"wp:attachment":[{"href":"https:\/\/www.arikettukangas.com\/index.php\/wp-json\/wp\/v2\/media?parent=39"}],"curies":[{"name":"wp","href":"https:\/\/api.w.org\/{rel}","templated":true}]}}