{"id":41,"date":"2017-07-21T02:16:09","date_gmt":"2017-07-20T23:16:09","guid":{"rendered":"http:\/\/www.arikettukangas.com\/uusisivusto\/?page_id=41"},"modified":"2022-02-24T14:44:52","modified_gmt":"2022-02-24T12:44:52","slug":"aaninaytteet","status":"publish","type":"page","link":"https:\/\/www.arikettukangas.com\/index.php\/aaninaytteet\/","title":{"rendered":"Media"},"content":{"rendered":"<div class=\"multicolumn-row clearfix\">\n<section class=\"widget clearfix at-2-col widget_text\" style=\"color: #ffffff; background-color: #202529; padding-left: 35px; padding-right: 35px;\">\n<h2 style=\"color: #ffffff;\"><strong>Sadan \u00e4\u00e4nen mies<\/strong><\/h2>\n<p>Imitaattorina Ari Kettukangas hallitsee eritt\u00e4in laajan ja monipuolisen \u00e4\u00e4nirepertuaarin. H\u00e4nell\u00e4 on hallussaan yli sadan tunnetun suomalaisen julkkiksen \u00e4\u00e4net ja valikoimaan sis\u00e4ltyy my\u00f6s reilu parikymment\u00e4 suosikkilaulajaa lauluimitaatioiden muodossa. Vahvuutena h\u00e4nell\u00e4 ovat ajankohtaiset ja usein t\u00e4ysin esitt\u00e4m\u00e4tt\u00f6m\u00e4t hahmot, unohtamatta tuttuja kestosuosikkeja. Mik\u00e4 t\u00e4rke\u00e4\u00e4, hahmoja l\u00f6ytyy kaikenik\u00e4isille. Loppuun saakka hiottuna yksik\u00e4\u00e4n \u00e4\u00e4ni ei j\u00e4\u00e4 puolitiehen.<\/p>\n<h2 style=\"color: #ffffff;\"><strong>\u00c4\u00e4nin\u00e4ytteit\u00e4<\/strong><\/h2>\n<p><a href=\"http:\/\/arikettukangas.com\/86CoreGroup_Kauppapai.mp3\">Areena (Salkkarit)<\/a><br \/>\n<a href=\"http:\/\/arikettukangas.com\/kello.mp3\">Kellon Puu \/ (Pekka &amp; P\u00e4tk\u00e4)<\/a><br \/>\n<a href=\"http:\/\/arikettukangas.com\/Kimi.mp3\">Kimi R\u00e4ikk\u00f6nen<\/a><br \/>\n<a href=\"http:\/\/arikettukangas.com\/94_merikosken_autokoulu1.mp3\">Merikosken Autokoulu (Andy &amp; Aira)<\/a><br \/>\n<a href=\"http:\/\/arikettukangas.com\/51_neste.mp3\">Neste Hiironen (Jaakko Teppo)<\/a><br \/>\n<a href=\"http:\/\/arikettukangas.com\/94_mara.mp3\">Ojan Rauta (Mara)<\/a><br \/>\n<a href=\"http:\/\/arikettukangas.com\/95_tarja_ja_mara.mp3\">Ojan Rauta (Tarja &amp; Pentti)<\/a><br \/>\n<a href=\"http:\/\/arikettukangas.com\/rolli.mp3\">R\u00f6lli-peikko<\/a><br \/>\n<a href=\"http:\/\/arikettukangas.com\/reinikainen.mp3\">S. Vilen (Reinikainen &amp; Vilen)<\/a><br \/>\n<a href=\"http:\/\/arikettukangas.com\/68_seo.mp3\">SEO (Rautavaara)<\/a><br \/>\n<a href=\"http:\/\/arikettukangas.com\/mertaranta.mp3\">Tuiran Esso \/ (Mertaranta)<\/a><\/p>\n<h2><strong><span style=\"color: #ffffff;\">Mainosvideo<\/span><\/strong><\/h2>\n<p><a class=\"ytp-title-link yt-uix-sessionlink\" tabindex=\"-1\" href=\"https:\/\/www.youtube.com\/watch?v=WGx-MNU9r_I\" target=\"_blank\" rel=\"noopener noreferrer\" data-sessionlink=\"feature=player-title\">Ari Kettukangas -Live <img loading=\"lazy\" decoding=\"async\" class=\"wp-image-955 alignnone\" src=\"https:\/\/www.arikettukangas.com\/wp-content\/uploads\/video_ikoni_kelt-300x300.png\" alt=\"\" width=\"20\" height=\"20\" srcset=\"https:\/\/www.arikettukangas.com\/wp-content\/uploads\/video_ikoni_kelt-300x300.png 300w, https:\/\/www.arikettukangas.com\/wp-content\/uploads\/video_ikoni_kelt-150x150.png 150w, https:\/\/www.arikettukangas.com\/wp-content\/uploads\/video_ikoni_kelt-360x360.png 360w, https:\/\/www.arikettukangas.com\/wp-content\/uploads\/video_ikoni_kelt-250x250.png 250w, https:\/\/www.arikettukangas.com\/wp-content\/uploads\/video_ikoni_kelt-100x100.png 100w, https:\/\/www.arikettukangas.com\/wp-content\/uploads\/video_ikoni_kelt.png 400w\" sizes=\"auto, (max-width: 20px) 100vw, 20px\" \/><\/a><\/p>\n<\/section>\n<section class=\"widget clearfix at-2-col widget_text\" style=\"background-color: #202529; color: white;\"><img decoding=\"async\" class=\"alignright\" src=\"\/wp-content\/uploads\/\u00c4\u00e4nin\u00e4ytteet.jpg\" alt=\"\" \/><\/section>\n<\/div>\n","protected":false},"excerpt":{"rendered":"<p>Sadan \u00e4\u00e4nen mies Imitaattorina Ari Kettukangas hallitsee eritt\u00e4in laajan ja monipuolisen \u00e4\u00e4nirepertuaarin. H\u00e4nell\u00e4 on hallussaan yli sadan tunnetun suomalaisen julkkiksen \u00e4\u00e4net ja valikoimaan sis\u00e4ltyy my\u00f6s reilu parikymment\u00e4 suosikkilaulajaa lauluimitaatioiden muodossa. Vahvuutena h\u00e4nell\u00e4 ovat ajankohtaiset ja usein t\u00e4ysin esitt\u00e4m\u00e4tt\u00f6m\u00e4t hahmot, unohtamatta [&hellip;]<\/p>\n","protected":false},"author":2,"featured_media":0,"parent":0,"menu_order":2,"comment_status":"closed","ping_status":"closed","template":"page-templates\/page_fullwidth.php","meta":{"footnotes":""},"class_list":["post-41","page","type-page","status-publish","hentry","clearfix"],"yoast_head":"<!-- This site is optimized with the Yoast SEO plugin v27.6 - https:\/\/yoast.com\/product\/yoast-seo-wordpress\/ -->\n<title>\u00c4\u00e4nin\u00e4ytteet<\/title>\n<meta name=\"robots\" content=\"index, follow, max-snippet:-1, max-image-preview:large, max-video-preview:-1\" \/>\n<link rel=\"canonical\" href=\"https:\/\/www.arikettukangas.com\/index.php\/aaninaytteet\/\" \/>\n<meta property=\"og:locale\" content=\"fi_FI\" \/>\n<meta property=\"og:type\" content=\"article\" \/>\n<meta property=\"og:title\" content=\"\u00c4\u00e4nin\u00e4ytteet\" \/>\n<meta property=\"og:description\" content=\"Sadan \u00e4\u00e4nen mies Imitaattorina Ari Kettukangas hallitsee eritt\u00e4in laajan ja monipuolisen \u00e4\u00e4nirepertuaarin. H\u00e4nell\u00e4 on hallussaan yli sadan tunnetun suomalaisen julkkiksen \u00e4\u00e4net ja valikoimaan sis\u00e4ltyy my\u00f6s reilu parikymment\u00e4 suosikkilaulajaa lauluimitaatioiden muodossa. Vahvuutena h\u00e4nell\u00e4 ovat ajankohtaiset ja usein t\u00e4ysin esitt\u00e4m\u00e4tt\u00f6m\u00e4t hahmot, unohtamatta [&hellip;]\" \/>\n<meta property=\"og:url\" content=\"https:\/\/www.arikettukangas.com\/index.php\/aaninaytteet\/\" \/>\n<meta property=\"og:site_name\" content=\"Ari Kettukangas imitaattori, laulaja, juontaja\" \/>\n<meta property=\"article:modified_time\" content=\"2022-02-24T12:44:52+00:00\" \/>\n<meta property=\"og:image\" content=\"https:\/\/www.arikettukangas.com\/wp-content\/uploads\/video_ikoni_kelt-300x300.png\" \/>\n<meta name=\"twitter:card\" content=\"summary_large_image\" \/>\n<meta name=\"twitter:label1\" content=\"Arvioitu lukuaika\" \/>\n\t<meta name=\"twitter:data1\" content=\"1 minuutti\" \/>\n<script type=\"application\/ld+json\" class=\"yoast-schema-graph\">{\"@context\":\"https:\\\/\\\/schema.org\",\"@graph\":[{\"@type\":\"WebPage\",\"@id\":\"https:\\\/\\\/www.arikettukangas.com\\\/index.php\\\/aaninaytteet\\\/\",\"url\":\"https:\\\/\\\/www.arikettukangas.com\\\/index.php\\\/aaninaytteet\\\/\",\"name\":\"\u00c4\u00e4nin\u00e4ytteet\",\"isPartOf\":{\"@id\":\"https:\\\/\\\/www.arikettukangas.com\\\/#website\"},\"primaryImageOfPage\":{\"@id\":\"https:\\\/\\\/www.arikettukangas.com\\\/index.php\\\/aaninaytteet\\\/#primaryimage\"},\"image\":{\"@id\":\"https:\\\/\\\/www.arikettukangas.com\\\/index.php\\\/aaninaytteet\\\/#primaryimage\"},\"thumbnailUrl\":\"https:\\\/\\\/www.arikettukangas.com\\\/wp-content\\\/uploads\\\/video_ikoni_kelt-300x300.png\",\"datePublished\":\"2017-07-20T23:16:09+00:00\",\"dateModified\":\"2022-02-24T12:44:52+00:00\",\"breadcrumb\":{\"@id\":\"https:\\\/\\\/www.arikettukangas.com\\\/index.php\\\/aaninaytteet\\\/#breadcrumb\"},\"inLanguage\":\"fi\",\"potentialAction\":[{\"@type\":\"ReadAction\",\"target\":[\"https:\\\/\\\/www.arikettukangas.com\\\/index.php\\\/aaninaytteet\\\/\"]}]},{\"@type\":\"ImageObject\",\"inLanguage\":\"fi\",\"@id\":\"https:\\\/\\\/www.arikettukangas.com\\\/index.php\\\/aaninaytteet\\\/#primaryimage\",\"url\":\"https:\\\/\\\/www.arikettukangas.com\\\/wp-content\\\/uploads\\\/video_ikoni_kelt.png\",\"contentUrl\":\"https:\\\/\\\/www.arikettukangas.com\\\/wp-content\\\/uploads\\\/video_ikoni_kelt.png\",\"width\":400,\"height\":400},{\"@type\":\"BreadcrumbList\",\"@id\":\"https:\\\/\\\/www.arikettukangas.com\\\/index.php\\\/aaninaytteet\\\/#breadcrumb\",\"itemListElement\":[{\"@type\":\"ListItem\",\"position\":1,\"name\":\"Home\",\"item\":\"https:\\\/\\\/www.arikettukangas.com\\\/\"},{\"@type\":\"ListItem\",\"position\":2,\"name\":\"Media\"}]},{\"@type\":\"WebSite\",\"@id\":\"https:\\\/\\\/www.arikettukangas.com\\\/#website\",\"url\":\"https:\\\/\\\/www.arikettukangas.com\\\/\",\"name\":\"Ari Kettukangas imitaattori, laulaja, juontaja\",\"description\":\"\",\"potentialAction\":[{\"@type\":\"SearchAction\",\"target\":{\"@type\":\"EntryPoint\",\"urlTemplate\":\"https:\\\/\\\/www.arikettukangas.com\\\/?s={search_term_string}\"},\"query-input\":{\"@type\":\"PropertyValueSpecification\",\"valueRequired\":true,\"valueName\":\"search_term_string\"}}],\"inLanguage\":\"fi\"}]}<\/script>\n<!-- \/ Yoast SEO plugin. -->","yoast_head_json":{"title":"\u00c4\u00e4nin\u00e4ytteet","robots":{"index":"index","follow":"follow","max-snippet":"max-snippet:-1","max-image-preview":"max-image-preview:large","max-video-preview":"max-video-preview:-1"},"canonical":"https:\/\/www.arikettukangas.com\/index.php\/aaninaytteet\/","og_locale":"fi_FI","og_type":"article","og_title":"\u00c4\u00e4nin\u00e4ytteet","og_description":"Sadan \u00e4\u00e4nen mies Imitaattorina Ari Kettukangas hallitsee eritt\u00e4in laajan ja monipuolisen \u00e4\u00e4nirepertuaarin. H\u00e4nell\u00e4 on hallussaan yli sadan tunnetun suomalaisen julkkiksen \u00e4\u00e4net ja valikoimaan sis\u00e4ltyy my\u00f6s reilu parikymment\u00e4 suosikkilaulajaa lauluimitaatioiden muodossa. Vahvuutena h\u00e4nell\u00e4 ovat ajankohtaiset ja usein t\u00e4ysin esitt\u00e4m\u00e4tt\u00f6m\u00e4t hahmot, unohtamatta [&hellip;]","og_url":"https:\/\/www.arikettukangas.com\/index.php\/aaninaytteet\/","og_site_name":"Ari Kettukangas imitaattori, laulaja, juontaja","article_modified_time":"2022-02-24T12:44:52+00:00","og_image":[{"url":"https:\/\/www.arikettukangas.com\/wp-content\/uploads\/video_ikoni_kelt-300x300.png","type":"","width":"","height":""}],"twitter_card":"summary_large_image","twitter_misc":{"Arvioitu lukuaika":"1 minuutti"},"schema":{"@context":"https:\/\/schema.org","@graph":[{"@type":"WebPage","@id":"https:\/\/www.arikettukangas.com\/index.php\/aaninaytteet\/","url":"https:\/\/www.arikettukangas.com\/index.php\/aaninaytteet\/","name":"\u00c4\u00e4nin\u00e4ytteet","isPartOf":{"@id":"https:\/\/www.arikettukangas.com\/#website"},"primaryImageOfPage":{"@id":"https:\/\/www.arikettukangas.com\/index.php\/aaninaytteet\/#primaryimage"},"image":{"@id":"https:\/\/www.arikettukangas.com\/index.php\/aaninaytteet\/#primaryimage"},"thumbnailUrl":"https:\/\/www.arikettukangas.com\/wp-content\/uploads\/video_ikoni_kelt-300x300.png","datePublished":"2017-07-20T23:16:09+00:00","dateModified":"2022-02-24T12:44:52+00:00","breadcrumb":{"@id":"https:\/\/www.arikettukangas.com\/index.php\/aaninaytteet\/#breadcrumb"},"inLanguage":"fi","potentialAction":[{"@type":"ReadAction","target":["https:\/\/www.arikettukangas.com\/index.php\/aaninaytteet\/"]}]},{"@type":"ImageObject","inLanguage":"fi","@id":"https:\/\/www.arikettukangas.com\/index.php\/aaninaytteet\/#primaryimage","url":"https:\/\/www.arikettukangas.com\/wp-content\/uploads\/video_ikoni_kelt.png","contentUrl":"https:\/\/www.arikettukangas.com\/wp-content\/uploads\/video_ikoni_kelt.png","width":400,"height":400},{"@type":"BreadcrumbList","@id":"https:\/\/www.arikettukangas.com\/index.php\/aaninaytteet\/#breadcrumb","itemListElement":[{"@type":"ListItem","position":1,"name":"Home","item":"https:\/\/www.arikettukangas.com\/"},{"@type":"ListItem","position":2,"name":"Media"}]},{"@type":"WebSite","@id":"https:\/\/www.arikettukangas.com\/#website","url":"https:\/\/www.arikettukangas.com\/","name":"Ari Kettukangas imitaattori, laulaja, juontaja","description":"","potentialAction":[{"@type":"SearchAction","target":{"@type":"EntryPoint","urlTemplate":"https:\/\/www.arikettukangas.com\/?s={search_term_string}"},"query-input":{"@type":"PropertyValueSpecification","valueRequired":true,"valueName":"search_term_string"}}],"inLanguage":"fi"}]}},"_links":{"self":[{"href":"https:\/\/www.arikettukangas.com\/index.php\/wp-json\/wp\/v2\/pages\/41","targetHints":{"allow":["GET"]}}],"collection":[{"href":"https:\/\/www.arikettukangas.com\/index.php\/wp-json\/wp\/v2\/pages"}],"about":[{"href":"https:\/\/www.arikettukangas.com\/index.php\/wp-json\/wp\/v2\/types\/page"}],"author":[{"embeddable":true,"href":"https:\/\/www.arikettukangas.com\/index.php\/wp-json\/wp\/v2\/users\/2"}],"replies":[{"embeddable":true,"href":"https:\/\/www.arikettukangas.com\/index.php\/wp-json\/wp\/v2\/comments?post=41"}],"version-history":[{"count":42,"href":"https:\/\/www.arikettukangas.com\/index.php\/wp-json\/wp\/v2\/pages\/41\/revisions"}],"predecessor-version":[{"id":961,"href":"https:\/\/www.arikettukangas.com\/index.php\/wp-json\/wp\/v2\/pages\/41\/revisions\/961"}],"wp:attachment":[{"href":"https:\/\/www.arikettukangas.com\/index.php\/wp-json\/wp\/v2\/media?parent=41"}],"curies":[{"name":"wp","href":"https:\/\/api.w.org\/{rel}","templated":true}]}}