{"id":43,"date":"2017-07-21T02:16:44","date_gmt":"2017-07-20T23:16:44","guid":{"rendered":"http:\/\/www.arikettukangas.com\/uusisivusto\/?page_id=43"},"modified":"2025-06-25T16:41:23","modified_gmt":"2025-06-25T13:41:23","slug":"hahmovalikoima","status":"publish","type":"page","link":"https:\/\/www.arikettukangas.com\/index.php\/hahmovalikoima\/","title":{"rendered":"Hahmovalikoima"},"content":{"rendered":"<div class=\"multicolumn-row clearfix\">\n<section class=\"widget clearfix at-2-col widget_text\" style=\"color: #ffffff; background-color: #202529; padding-left: 15px; padding-right: 0px;\">\n<h3 style=\"color: #ffffff;\"><strong>Ari Kettukankaan suosituimmat \u00e4\u00e4net<\/strong><\/h3>\n<table id=\"table5\" style=\"height: 1119px;\" border=\"0\" width=\"315\" cellspacing=\"0\" cellpadding=\"0\">\n<tbody>\n<tr>\n<td align=\"left\">Aki Palsanm\u00e4ki<\/td>\n<td align=\"left\">Alexander Stubb<\/td>\n<td align=\"left\"><a href=\"http:\/\/arikettukangas.com\/94_merikosken_autokoulu1.mp3\">Andy McCoy<\/a><\/td>\n<\/tr>\n<tr>\n<td align=\"left\">Anssi Kela<\/td>\n<td align=\"left\"><a href=\"http:\/\/arikettukangas.com\/mertaranta.mp3\">Antero Mertaranta<\/a><\/td>\n<td align=\"left\">Donald Trump<\/td>\n<\/tr>\n<tr>\n<td align=\"left\">Elisabeth Rehn<\/td>\n<td align=\"left\">Ensio Itkonen<\/td>\n<td align=\"left\"><a href=\"http:\/\/arikettukangas.com\/kello.mp3\">Esa Pakarinen<\/a><\/td>\n<\/tr>\n<tr>\n<td align=\"left\">Esko Hukkanen<\/td>\n<td align=\"left\">Esko Riihel\u00e4<\/td>\n<td align=\"left\">Hannu Karpo<\/td>\n<\/tr>\n<tr>\n<td align=\"left\">Hjallis Harkimo<\/td>\n<td align=\"left\">Ilmo Lounasheimo<\/td>\n<td align=\"left\">Irwin Goodman<\/td>\n<\/tr>\n<tr>\n<td align=\"left\"><a href=\"http:\/\/arikettukangas.com\/51_neste.mp3\">Jaakko Teppo<\/a><\/td>\n<td align=\"left\">Johannes Virolainen<\/td>\n<td align=\"left\">Jope Ruonansuu<\/td>\n<\/tr>\n<tr>\n<td align=\"left\">Jorma Uotinen<\/td>\n<td align=\"left\">Juha Mieto<\/td>\n<td align=\"left\">Juhani Tamminen<\/td>\n<\/tr>\n<tr>\n<td align=\"left\">Juice Leskinen<\/td>\n<td align=\"left\">Jukka Virtanen<\/td>\n<td align=\"left\">Jussi Halla-aho<\/td>\n<\/tr>\n<tr>\n<td align=\"left\">J\u00f6rn Donner<\/td>\n<td align=\"left\">Kari Tapio<\/td>\n<td align=\"left\"><a href=\"http:\/\/arikettukangas.com\/Kimi.mp3\">Kimi R\u00e4ikk\u00f6nen<\/a><\/td>\n<\/tr>\n<tr>\n<td align=\"left\">Louis Armstrong<\/td>\n<td align=\"left\">M.A. Numminen<\/td>\n<td align=\"left\">Marco Bjurstr\u00f6m<\/td>\n<\/tr>\n<tr>\n<td align=\"left\">Martti Ahtisaari<\/td>\n<td align=\"left\">Matti Kyll\u00f6nen<\/td>\n<td align=\"left\">Matti Vanhanen<\/td>\n<\/tr>\n<tr>\n<td align=\"left\">Mauno Koivisto<\/td>\n<td align=\"left\">Mikko Alatalo<\/td>\n<td align=\"left\">Oiva Lohtander<\/td>\n<\/tr>\n<tr>\n<td align=\"left\">Paavo Lipponen<\/td>\n<td align=\"left\">Paavo Noponen<\/td>\n<td align=\"left\">Paavo V\u00e4yrynen<\/td>\n<\/tr>\n<tr>\n<td align=\"left\">Papukaija G. Pula-aho<\/td>\n<td align=\"left\">Pasi Rautiainen<\/td>\n<td align=\"left\">Pekka Pouta<\/td>\n<\/tr>\n<tr>\n<td align=\"left\">Pekko aikamiespoika<\/td>\n<td align=\"left\">Pertti Salovaara<\/td>\n<td align=\"left\">Petteri Orpo<\/td>\n<\/tr>\n<tr>\n<td align=\"left\">P\u00e4tk\u00e4 (M. Niemi)<\/td>\n<td align=\"left\">Raimo H\u00e4yrinen<\/td>\n<td align=\"left\"><a href=\"http:\/\/arikettukangas.com\/reinikainen.mp3\">Reinikainen (Sauren)<\/a><\/td>\n<\/tr>\n<tr>\n<td align=\"left\">Risto Salmi<\/td>\n<td align=\"left\">Ruben Stiller<\/td>\n<td align=\"left\"><a href=\"http:\/\/arikettukangas.com\/rolli.mp3\">R\u00f6lli-peikko<\/a><\/td>\n<\/tr>\n<tr>\n<td align=\"left\">Sakari Kuosmanen<\/td>\n<td align=\"left\">Sauli Niinist\u00f6<\/td>\n<td align=\"left\">Simo Frangen<\/td>\n<\/tr>\n<tr>\n<td align=\"left\">Spede Pasanen<\/td>\n<td align=\"left\"><a href=\"http:\/\/arikettukangas.com\/68_seo.mp3\">Tapio Rautavaara<\/a><\/td>\n<td align=\"left\"><a href=\"http:\/\/arikettukangas.com\/95_tarja_ja_mara.mp3\">Tarja Halonen<\/a><\/td>\n<\/tr>\n<tr>\n<td align=\"left\">Timo Soini<\/td>\n<td align=\"left\">Veikko Lavi<\/td>\n<td align=\"left\">Vesa-Matti Loiri (Uuno)<\/td>\n<\/tr>\n<\/tbody>\n<\/table>\n<\/section>\n<section class=\"widget clearfix at-2-col widget_text\" style=\"background-color: #202529; color: white;\"><img decoding=\"async\" class=\"alignright\" src=\"\/wp-content\/uploads\/Hahmovalikoima_1.jpg\" alt=\"Ari Kettukangas - Hahmovalikoima\" \/><\/section>\n<\/div>\n","protected":false},"excerpt":{"rendered":"<p>Ari Kettukankaan suosituimmat \u00e4\u00e4net Aki Palsanm\u00e4ki Alexander Stubb Andy McCoy Anssi Kela Antero Mertaranta Donald Trump Elisabeth Rehn Ensio Itkonen Esa Pakarinen Esko Hukkanen Esko Riihel\u00e4 Hannu Karpo Hjallis Harkimo Ilmo Lounasheimo Irwin Goodman Jaakko Teppo Johannes Virolainen Jope Ruonansuu [&hellip;]<\/p>\n","protected":false},"author":2,"featured_media":0,"parent":0,"menu_order":3,"comment_status":"closed","ping_status":"closed","template":"page-templates\/page_fullwidth.php","meta":{"footnotes":""},"class_list":["post-43","page","type-page","status-publish","hentry","clearfix"],"yoast_head":"<!-- This site is optimized with the Yoast SEO plugin v27.6 - https:\/\/yoast.com\/product\/yoast-seo-wordpress\/ -->\n<title>Hahmovalikoima<\/title>\n<meta name=\"robots\" content=\"index, follow, max-snippet:-1, max-image-preview:large, max-video-preview:-1\" \/>\n<link rel=\"canonical\" href=\"https:\/\/www.arikettukangas.com\/index.php\/hahmovalikoima\/\" \/>\n<meta property=\"og:locale\" content=\"fi_FI\" \/>\n<meta property=\"og:type\" content=\"article\" \/>\n<meta property=\"og:title\" content=\"Hahmovalikoima\" \/>\n<meta property=\"og:description\" content=\"Ari Kettukankaan suosituimmat \u00e4\u00e4net Aki Palsanm\u00e4ki Alexander Stubb Andy McCoy Anssi Kela Antero Mertaranta Donald Trump Elisabeth Rehn Ensio Itkonen Esa Pakarinen Esko Hukkanen Esko Riihel\u00e4 Hannu Karpo Hjallis Harkimo Ilmo Lounasheimo Irwin Goodman Jaakko Teppo Johannes Virolainen Jope Ruonansuu [&hellip;]\" \/>\n<meta property=\"og:url\" content=\"https:\/\/www.arikettukangas.com\/index.php\/hahmovalikoima\/\" \/>\n<meta property=\"og:site_name\" content=\"Ari Kettukangas imitaattori, laulaja, juontaja\" \/>\n<meta property=\"article:modified_time\" content=\"2025-06-25T13:41:23+00:00\" \/>\n<meta name=\"twitter:card\" content=\"summary_large_image\" \/>\n<meta name=\"twitter:label1\" content=\"Arvioitu lukuaika\" \/>\n\t<meta name=\"twitter:data1\" content=\"1 minuutti\" \/>\n<script type=\"application\/ld+json\" class=\"yoast-schema-graph\">{\"@context\":\"https:\\\/\\\/schema.org\",\"@graph\":[{\"@type\":\"WebPage\",\"@id\":\"https:\\\/\\\/www.arikettukangas.com\\\/index.php\\\/hahmovalikoima\\\/\",\"url\":\"https:\\\/\\\/www.arikettukangas.com\\\/index.php\\\/hahmovalikoima\\\/\",\"name\":\"Hahmovalikoima\",\"isPartOf\":{\"@id\":\"https:\\\/\\\/www.arikettukangas.com\\\/#website\"},\"datePublished\":\"2017-07-20T23:16:44+00:00\",\"dateModified\":\"2025-06-25T13:41:23+00:00\",\"breadcrumb\":{\"@id\":\"https:\\\/\\\/www.arikettukangas.com\\\/index.php\\\/hahmovalikoima\\\/#breadcrumb\"},\"inLanguage\":\"fi\",\"potentialAction\":[{\"@type\":\"ReadAction\",\"target\":[\"https:\\\/\\\/www.arikettukangas.com\\\/index.php\\\/hahmovalikoima\\\/\"]}]},{\"@type\":\"BreadcrumbList\",\"@id\":\"https:\\\/\\\/www.arikettukangas.com\\\/index.php\\\/hahmovalikoima\\\/#breadcrumb\",\"itemListElement\":[{\"@type\":\"ListItem\",\"position\":1,\"name\":\"Home\",\"item\":\"https:\\\/\\\/www.arikettukangas.com\\\/\"},{\"@type\":\"ListItem\",\"position\":2,\"name\":\"Hahmovalikoima\"}]},{\"@type\":\"WebSite\",\"@id\":\"https:\\\/\\\/www.arikettukangas.com\\\/#website\",\"url\":\"https:\\\/\\\/www.arikettukangas.com\\\/\",\"name\":\"Ari Kettukangas imitaattori, laulaja, juontaja\",\"description\":\"\",\"potentialAction\":[{\"@type\":\"SearchAction\",\"target\":{\"@type\":\"EntryPoint\",\"urlTemplate\":\"https:\\\/\\\/www.arikettukangas.com\\\/?s={search_term_string}\"},\"query-input\":{\"@type\":\"PropertyValueSpecification\",\"valueRequired\":true,\"valueName\":\"search_term_string\"}}],\"inLanguage\":\"fi\"}]}<\/script>\n<!-- \/ Yoast SEO plugin. -->","yoast_head_json":{"title":"Hahmovalikoima","robots":{"index":"index","follow":"follow","max-snippet":"max-snippet:-1","max-image-preview":"max-image-preview:large","max-video-preview":"max-video-preview:-1"},"canonical":"https:\/\/www.arikettukangas.com\/index.php\/hahmovalikoima\/","og_locale":"fi_FI","og_type":"article","og_title":"Hahmovalikoima","og_description":"Ari Kettukankaan suosituimmat \u00e4\u00e4net Aki Palsanm\u00e4ki Alexander Stubb Andy McCoy Anssi Kela Antero Mertaranta Donald Trump Elisabeth Rehn Ensio Itkonen Esa Pakarinen Esko Hukkanen Esko Riihel\u00e4 Hannu Karpo Hjallis Harkimo Ilmo Lounasheimo Irwin Goodman Jaakko Teppo Johannes Virolainen Jope Ruonansuu [&hellip;]","og_url":"https:\/\/www.arikettukangas.com\/index.php\/hahmovalikoima\/","og_site_name":"Ari Kettukangas imitaattori, laulaja, juontaja","article_modified_time":"2025-06-25T13:41:23+00:00","twitter_card":"summary_large_image","twitter_misc":{"Arvioitu lukuaika":"1 minuutti"},"schema":{"@context":"https:\/\/schema.org","@graph":[{"@type":"WebPage","@id":"https:\/\/www.arikettukangas.com\/index.php\/hahmovalikoima\/","url":"https:\/\/www.arikettukangas.com\/index.php\/hahmovalikoima\/","name":"Hahmovalikoima","isPartOf":{"@id":"https:\/\/www.arikettukangas.com\/#website"},"datePublished":"2017-07-20T23:16:44+00:00","dateModified":"2025-06-25T13:41:23+00:00","breadcrumb":{"@id":"https:\/\/www.arikettukangas.com\/index.php\/hahmovalikoima\/#breadcrumb"},"inLanguage":"fi","potentialAction":[{"@type":"ReadAction","target":["https:\/\/www.arikettukangas.com\/index.php\/hahmovalikoima\/"]}]},{"@type":"BreadcrumbList","@id":"https:\/\/www.arikettukangas.com\/index.php\/hahmovalikoima\/#breadcrumb","itemListElement":[{"@type":"ListItem","position":1,"name":"Home","item":"https:\/\/www.arikettukangas.com\/"},{"@type":"ListItem","position":2,"name":"Hahmovalikoima"}]},{"@type":"WebSite","@id":"https:\/\/www.arikettukangas.com\/#website","url":"https:\/\/www.arikettukangas.com\/","name":"Ari Kettukangas imitaattori, laulaja, juontaja","description":"","potentialAction":[{"@type":"SearchAction","target":{"@type":"EntryPoint","urlTemplate":"https:\/\/www.arikettukangas.com\/?s={search_term_string}"},"query-input":{"@type":"PropertyValueSpecification","valueRequired":true,"valueName":"search_term_string"}}],"inLanguage":"fi"}]}},"_links":{"self":[{"href":"https:\/\/www.arikettukangas.com\/index.php\/wp-json\/wp\/v2\/pages\/43","targetHints":{"allow":["GET"]}}],"collection":[{"href":"https:\/\/www.arikettukangas.com\/index.php\/wp-json\/wp\/v2\/pages"}],"about":[{"href":"https:\/\/www.arikettukangas.com\/index.php\/wp-json\/wp\/v2\/types\/page"}],"author":[{"embeddable":true,"href":"https:\/\/www.arikettukangas.com\/index.php\/wp-json\/wp\/v2\/users\/2"}],"replies":[{"embeddable":true,"href":"https:\/\/www.arikettukangas.com\/index.php\/wp-json\/wp\/v2\/comments?post=43"}],"version-history":[{"count":72,"href":"https:\/\/www.arikettukangas.com\/index.php\/wp-json\/wp\/v2\/pages\/43\/revisions"}],"predecessor-version":[{"id":982,"href":"https:\/\/www.arikettukangas.com\/index.php\/wp-json\/wp\/v2\/pages\/43\/revisions\/982"}],"wp:attachment":[{"href":"https:\/\/www.arikettukangas.com\/index.php\/wp-json\/wp\/v2\/media?parent=43"}],"curies":[{"name":"wp","href":"https:\/\/api.w.org\/{rel}","templated":true}]}}