{"id":45,"date":"2017-07-21T02:17:16","date_gmt":"2017-07-20T23:17:16","guid":{"rendered":"http:\/\/www.arikettukangas.com\/uusisivusto\/?page_id=45"},"modified":"2020-07-07T17:48:34","modified_gmt":"2020-07-07T14:48:34","slug":"suositukset","status":"publish","type":"page","link":"https:\/\/www.arikettukangas.com\/index.php\/suositukset\/","title":{"rendered":"Suositukset"},"content":{"rendered":"<div class=\"multicolumn-row clearfix\">\n<section class=\"widget clearfix at-2-col widget_text\" style=\"color: #ffffff; background-color: #202529; padding-left: 35px; padding-right: 8px;\">\n<blockquote style=\"margin-top: 30px; padding-right: 5px;\"><p><i>&#8221;Ari Kettukankaan osaaminen juonto ja imitointi tilaisuuksissa on vahvaa, rentoa ja yleis\u00f6n hyvin mukaansa ottavaa. Miellytt\u00e4v\u00e4 persoona ja l\u00e4mmin ote vieraisiin tekee tilaajankin olon varmaksi asiakkaiden viihtymisest\u00e4.&#8221;<\/i><\/p><\/blockquote>\n<p style=\"padding-left: 19px;\"><b>Jokke K\u00e4m\u00e4r\u00e4inen, Rukapalvelu ja Ravintola Zone<\/b><\/p>\n<blockquote style=\"padding-right: 5px;\"><p><i>&#8221;Konep\u00e4iv\u00e4t on koko maakunnan tapahtuma ja sen ohjelmassa tulee huomioida eri ik\u00e4iset vierailijat. Imitaattori Ari Kettukangas oli loistava valinta esiintyj\u00e4ksi, koska h\u00e4nen esiintyminen paransi entisest\u00e4\u00e4n konep\u00e4ivien leppoisaa tunnelmaa ja yleis\u00f6 kuunteli esiintyj\u00e4\u00e4 mielenkiinnolla ja hymy huulilla. H\u00e4n osaa huomioida ohjelmanumeron sis\u00e4ll\u00f6n ammattitaitoisesti tilaajan toiveiden mukaan.&#8221;<\/i><\/p><\/blockquote>\n<p style=\"padding-left: 19px;\"><b>Ville Kyll\u00f6nen, Konesilta Oy<\/b><\/p>\n<blockquote style=\"padding-right: 5px;\"><p><i>&#8221;Arin esitys yrityksemme harjannostajaisissa oli nappi suoritus. Arin hahmogalleria oli todella laaja ja tilaisuudessa vierailevat \u201dhenkil\u00f6t\u201d hyvin tunnistettavissa ja tilaisuuteen sopivia. Saimme monet hyv\u00e4t naurut ja kaikki sek\u00e4 vieraamme ett\u00e4 omat ty\u00f6ntekij\u00e4mme l\u00e4htiv\u00e4t tilaisuudesta hymyillen. Suosittelen Aria l\u00e4mpim\u00e4sti tuomaan mukavaa ja iloista tunnelmaa erilaisiin tilaisuuksiin.&#8221;<\/i><\/p><\/blockquote>\n<p style=\"padding-left: 19px;\"><b>Sari Anttila, Lujatalo Oy<\/b><\/p>\n<blockquote style=\"padding-right: 5px;\"><p><i>&#8221;Ari Kettukangas juonsi yrityksemme 60v juhlat ja takasi p\u00e4iv\u00e4mme onnistumisen. Ari huolehti koko tapahtuman kulun alusta loppuun ja sis\u00e4llytti oman shown hienosti pitkin tapahtumaa niin, ettei tullu tylsi\u00e4 hetki\u00e4. Mukava, hauska ja helposti l\u00e4hestytt\u00e4v\u00e4 esiintyj\u00e4 kruunasi juhlamme viel\u00e4 meklaamalla huutokaupan. Uskallamme suositella monenlaisiin tapahtumiin ja varmasti luvassa hauska ja onnistunut tapahtuma.&#8221;<\/i><\/p><\/blockquote>\n<p style=\"padding-left: 19px;\"><b>Piia Ruhkala, HR-Ikkunat Ruhkala Oy<\/b><\/p>\n<blockquote style=\"padding-right: 5px;\"><p><i>&#8221;Kiitoksia tuhannesti viel\u00e4 imitaatio-esityksest\u00e4! Show ylitti odotukset ja ensimm\u00e4ist\u00e4 kertaa vuosittaisessa tapahtumassa asiakkaat keskittyiv\u00e4t todella katsomaan mit\u00e4 lavalla tapahtuu. Porukka nauroi ihan r\u00e4tk\u00e4n\u00e4, varsinkin R\u00f6lli, Kimi R\u00e4ikk\u00f6nen ja Vesku Loiri kirvoitti suurimmat suosionosoitukset! Esityksest\u00e4 on tullut asiakkailta paljon positiivista palautetta, suosittelen l\u00e4mm\u00f6ll\u00e4!&#8221;<\/i><\/p><\/blockquote>\n<p style=\"padding-left: 19px;\"><b>Terhi Vauhkonen, Kailatec Oy<\/b><\/p>\n<blockquote style=\"padding-right: 5px;\"><p><i>&#8221;Kiitos upeista esityksist\u00e4si syntym\u00e4p\u00e4ivill\u00e4ni! Sait paljon todella hyv\u00e4\u00e4 palautetta ja monet kertoivat ett\u00e4 olisivat voineet kuvitella hahmojesi olevan fyysisesti paikalla. My\u00f6s kokemus ja ammattitaito n\u00e4kyi sek\u00e4 kuului settiesi aikana monilla eri tavoilla. Yleis\u00f6ss\u00e4 oli henkil\u00f6it\u00e4 jotka liikkuvat paljon eri tilaisuuksissa ja ovat n\u00e4hneet tosi paljon kaikenlaisia esityksi\u00e4, joten heid\u00e4n palautteensa on arvostettavissa korkealle. Esimerkiksi Speden \u00e4\u00e4nenkorkeus-potetiometri oli yksi niist\u00e4 monista osista joista puhuttiin ihastellen monen kanssa. Ihmiset ihmetteliv\u00e4t, ett\u00e4 miten ihmeess\u00e4 pystyit lennosta, puheen katkeamatta vaihtelemaan kaikkien tunnistamia \u00e4\u00e4ni\u00e4 laidasta laitaan noin nopeasti. Olen iloinen ja tyytyv\u00e4inen siit\u00e4, ett\u00e4 saimme sinut esiintyj\u00e4ksi!&#8221;<\/i><\/p><\/blockquote>\n<p style=\"padding-left: 19px;\"><b>Jukka Ehto, Kankaanp\u00e4\u00e4<\/b><\/p>\n<blockquote style=\"padding-right: 5px;\"><p><i>&#8221;Esitys oli hauska ja luonteva. Mukavalla huumorilla sek\u00e4 imitaatiota ett\u00e4 vitsi\u00e4 lauluesityksill\u00e4 ryyditettyn\u00e4. Kovasti kaikki vieraat pitiv\u00e4t esityksest\u00e4.&#8221;<\/i><\/p><\/blockquote>\n<p style=\"padding-left: 19px;\"><b>Minna Pietil\u00e4, Merikosken Ammattiopettajat ry<\/b><\/p>\n<blockquote style=\"padding-right: 5px;\"><p><i>&#8221;Ari Kettukangas hoiti markkinoidemme juontamisen ja is\u00e4nn\u00f6innin todella hyvin, osaa hommansa ja voin suositella h\u00e4nt\u00e4. Per\u00e4sein\u00e4joen markkinat on Suomen suurimpia yksip\u00e4iv\u00e4isi\u00e4 markkinatapahtumia.&#8221;<\/i><\/p><\/blockquote>\n<p style=\"padding-left: 19px;\"><b>Kari Rinta-Kahila, Per\u00e4sein\u00e4joen yritt\u00e4j\u00e4t<\/b><\/p>\n<blockquote style=\"padding-right: 5px;\"><p><i>&#8221;Pidimme harjannostajaiset Isojoen Konehallin valmistuvissa tiloissa, ja Ari Kettukangas toimi tilaisuuden juontajana ja ohjelmanumeroista vastaavana esiintyj\u00e4n\u00e4. Monipuoliset -ja tilaisuuteen r\u00e4\u00e4t\u00e4l\u00f6idyt ohjelmanumerot, varmistivat osallistujien viihtyvyyden ja Ari rytmitti tapahtuman sujuvasti.&#8221;<\/i><\/p><\/blockquote>\n<p style=\"padding-left: 19px;\"><b>Jukka Vanhapiha, Rakennuttajatoimisto Promen Oy<\/b><\/p>\n<blockquote style=\"padding-right: 5px;\"><p><i>&#8221;Mietimme ohjelmaa tilamme is\u00e4nn\u00e4n 60-vuotisjuhlaan ja siin\u00e4 porukalla heiteltiin ideoita, mit\u00e4 ja kuka voisi olla sopiva noin 100:n vieraan juhlaamme. Mietimme stand up -juttuja, mutta se ei sitten kuitenkaan oikein kuulostanut oikealta, koskapa juhliimme oli tulossa my\u00f6skin pient\u00e4 v\u00e4ke\u00e4 ja stand up-tyypeill\u00e4 tahtoo ne jutut menn\u00e4 useasti tietyn sorttisiksi. Ari Kettukangas oli loistava valinta meid\u00e4n juhliimme. Monipuolinen, osaava ja tilaisuuden mukaan ohjelmistoaan muuntava ja valikoiva. Yleis\u00f6 nauroi suupielet korvissa ja suosionosoituksille ei meinannut tulla loppua ollenkaan. Arilta eiv\u00e4t loppuneet taidot kesken my\u00f6sk\u00e4\u00e4n ohjelman spesiaalitilauspyynn\u00f6st\u00e4! Suosittelemme Ari Kettukangasta teid\u00e4nkin tilaisuuksiin!&#8221;<\/i><\/p><\/blockquote>\n<p style=\"padding-left: 19px;\"><b>Eija-Liisa ja Eino Huhtala, Ylihuhtalan Tila Oy<\/b><\/p>\n<\/section>\n<section class=\"widget clearfix at-2-col widget_text\" style=\"background-color: #202529; color: white;\"><img decoding=\"async\" src=\"\/wp-content\/uploads\/Suositukset.jpg\" style=\"width:700px;\" alt=\"\"><\/section>\n<\/div>\n","protected":false},"excerpt":{"rendered":"<p>&#8221;Ari Kettukankaan osaaminen juonto ja imitointi tilaisuuksissa on vahvaa, rentoa ja yleis\u00f6n hyvin mukaansa ottavaa. Miellytt\u00e4v\u00e4 persoona ja l\u00e4mmin ote vieraisiin tekee tilaajankin olon varmaksi asiakkaiden viihtymisest\u00e4.&#8221; Jokke K\u00e4m\u00e4r\u00e4inen, Rukapalvelu ja Ravintola Zone &#8221;Konep\u00e4iv\u00e4t on koko maakunnan tapahtuma ja sen [&hellip;]<\/p>\n","protected":false},"author":2,"featured_media":0,"parent":0,"menu_order":4,"comment_status":"closed","ping_status":"closed","template":"page-templates\/page_fullwidth.php","meta":{"footnotes":""},"class_list":["post-45","page","type-page","status-publish","hentry","clearfix"],"yoast_head":"<!-- This site is optimized with the Yoast SEO plugin v27.5 - https:\/\/yoast.com\/product\/yoast-seo-wordpress\/ -->\n<title>Suositukset - Ari Kettukangas imitaattori, laulaja, juontaja<\/title>\n<meta name=\"robots\" content=\"index, follow, max-snippet:-1, max-image-preview:large, max-video-preview:-1\" \/>\n<link rel=\"canonical\" href=\"https:\/\/www.arikettukangas.com\/index.php\/suositukset\/\" \/>\n<meta property=\"og:locale\" content=\"fi_FI\" \/>\n<meta property=\"og:type\" content=\"article\" \/>\n<meta property=\"og:title\" content=\"Suositukset - Ari Kettukangas imitaattori, laulaja, juontaja\" \/>\n<meta property=\"og:description\" content=\"&#8221;Ari Kettukankaan osaaminen juonto ja imitointi tilaisuuksissa on vahvaa, rentoa ja yleis\u00f6n hyvin mukaansa ottavaa. Miellytt\u00e4v\u00e4 persoona ja l\u00e4mmin ote vieraisiin tekee tilaajankin olon varmaksi asiakkaiden viihtymisest\u00e4.&#8221; Jokke K\u00e4m\u00e4r\u00e4inen, Rukapalvelu ja Ravintola Zone &#8221;Konep\u00e4iv\u00e4t on koko maakunnan tapahtuma ja sen [&hellip;]\" \/>\n<meta property=\"og:url\" content=\"https:\/\/www.arikettukangas.com\/index.php\/suositukset\/\" \/>\n<meta property=\"og:site_name\" content=\"Ari Kettukangas imitaattori, laulaja, juontaja\" \/>\n<meta property=\"article:modified_time\" content=\"2020-07-07T14:48:34+00:00\" \/>\n<meta name=\"twitter:card\" content=\"summary_large_image\" \/>\n<meta name=\"twitter:label1\" content=\"Arvioitu lukuaika\" \/>\n\t<meta name=\"twitter:data1\" content=\"3 minuuttia\" \/>\n<script type=\"application\/ld+json\" class=\"yoast-schema-graph\">{\"@context\":\"https:\\\/\\\/schema.org\",\"@graph\":[{\"@type\":\"WebPage\",\"@id\":\"https:\\\/\\\/www.arikettukangas.com\\\/index.php\\\/suositukset\\\/\",\"url\":\"https:\\\/\\\/www.arikettukangas.com\\\/index.php\\\/suositukset\\\/\",\"name\":\"Suositukset - Ari Kettukangas imitaattori, laulaja, juontaja\",\"isPartOf\":{\"@id\":\"https:\\\/\\\/www.arikettukangas.com\\\/#website\"},\"datePublished\":\"2017-07-20T23:17:16+00:00\",\"dateModified\":\"2020-07-07T14:48:34+00:00\",\"breadcrumb\":{\"@id\":\"https:\\\/\\\/www.arikettukangas.com\\\/index.php\\\/suositukset\\\/#breadcrumb\"},\"inLanguage\":\"fi\",\"potentialAction\":[{\"@type\":\"ReadAction\",\"target\":[\"https:\\\/\\\/www.arikettukangas.com\\\/index.php\\\/suositukset\\\/\"]}]},{\"@type\":\"BreadcrumbList\",\"@id\":\"https:\\\/\\\/www.arikettukangas.com\\\/index.php\\\/suositukset\\\/#breadcrumb\",\"itemListElement\":[{\"@type\":\"ListItem\",\"position\":1,\"name\":\"Home\",\"item\":\"https:\\\/\\\/www.arikettukangas.com\\\/\"},{\"@type\":\"ListItem\",\"position\":2,\"name\":\"Suositukset\"}]},{\"@type\":\"WebSite\",\"@id\":\"https:\\\/\\\/www.arikettukangas.com\\\/#website\",\"url\":\"https:\\\/\\\/www.arikettukangas.com\\\/\",\"name\":\"Ari Kettukangas imitaattori, laulaja, juontaja\",\"description\":\"\",\"potentialAction\":[{\"@type\":\"SearchAction\",\"target\":{\"@type\":\"EntryPoint\",\"urlTemplate\":\"https:\\\/\\\/www.arikettukangas.com\\\/?s={search_term_string}\"},\"query-input\":{\"@type\":\"PropertyValueSpecification\",\"valueRequired\":true,\"valueName\":\"search_term_string\"}}],\"inLanguage\":\"fi\"}]}<\/script>\n<!-- \/ Yoast SEO plugin. -->","yoast_head_json":{"title":"Suositukset - Ari Kettukangas imitaattori, laulaja, juontaja","robots":{"index":"index","follow":"follow","max-snippet":"max-snippet:-1","max-image-preview":"max-image-preview:large","max-video-preview":"max-video-preview:-1"},"canonical":"https:\/\/www.arikettukangas.com\/index.php\/suositukset\/","og_locale":"fi_FI","og_type":"article","og_title":"Suositukset - Ari Kettukangas imitaattori, laulaja, juontaja","og_description":"&#8221;Ari Kettukankaan osaaminen juonto ja imitointi tilaisuuksissa on vahvaa, rentoa ja yleis\u00f6n hyvin mukaansa ottavaa. Miellytt\u00e4v\u00e4 persoona ja l\u00e4mmin ote vieraisiin tekee tilaajankin olon varmaksi asiakkaiden viihtymisest\u00e4.&#8221; Jokke K\u00e4m\u00e4r\u00e4inen, Rukapalvelu ja Ravintola Zone &#8221;Konep\u00e4iv\u00e4t on koko maakunnan tapahtuma ja sen [&hellip;]","og_url":"https:\/\/www.arikettukangas.com\/index.php\/suositukset\/","og_site_name":"Ari Kettukangas imitaattori, laulaja, juontaja","article_modified_time":"2020-07-07T14:48:34+00:00","twitter_card":"summary_large_image","twitter_misc":{"Arvioitu lukuaika":"3 minuuttia"},"schema":{"@context":"https:\/\/schema.org","@graph":[{"@type":"WebPage","@id":"https:\/\/www.arikettukangas.com\/index.php\/suositukset\/","url":"https:\/\/www.arikettukangas.com\/index.php\/suositukset\/","name":"Suositukset - Ari Kettukangas imitaattori, laulaja, juontaja","isPartOf":{"@id":"https:\/\/www.arikettukangas.com\/#website"},"datePublished":"2017-07-20T23:17:16+00:00","dateModified":"2020-07-07T14:48:34+00:00","breadcrumb":{"@id":"https:\/\/www.arikettukangas.com\/index.php\/suositukset\/#breadcrumb"},"inLanguage":"fi","potentialAction":[{"@type":"ReadAction","target":["https:\/\/www.arikettukangas.com\/index.php\/suositukset\/"]}]},{"@type":"BreadcrumbList","@id":"https:\/\/www.arikettukangas.com\/index.php\/suositukset\/#breadcrumb","itemListElement":[{"@type":"ListItem","position":1,"name":"Home","item":"https:\/\/www.arikettukangas.com\/"},{"@type":"ListItem","position":2,"name":"Suositukset"}]},{"@type":"WebSite","@id":"https:\/\/www.arikettukangas.com\/#website","url":"https:\/\/www.arikettukangas.com\/","name":"Ari Kettukangas imitaattori, laulaja, juontaja","description":"","potentialAction":[{"@type":"SearchAction","target":{"@type":"EntryPoint","urlTemplate":"https:\/\/www.arikettukangas.com\/?s={search_term_string}"},"query-input":{"@type":"PropertyValueSpecification","valueRequired":true,"valueName":"search_term_string"}}],"inLanguage":"fi"}]}},"_links":{"self":[{"href":"https:\/\/www.arikettukangas.com\/index.php\/wp-json\/wp\/v2\/pages\/45","targetHints":{"allow":["GET"]}}],"collection":[{"href":"https:\/\/www.arikettukangas.com\/index.php\/wp-json\/wp\/v2\/pages"}],"about":[{"href":"https:\/\/www.arikettukangas.com\/index.php\/wp-json\/wp\/v2\/types\/page"}],"author":[{"embeddable":true,"href":"https:\/\/www.arikettukangas.com\/index.php\/wp-json\/wp\/v2\/users\/2"}],"replies":[{"embeddable":true,"href":"https:\/\/www.arikettukangas.com\/index.php\/wp-json\/wp\/v2\/comments?post=45"}],"version-history":[{"count":50,"href":"https:\/\/www.arikettukangas.com\/index.php\/wp-json\/wp\/v2\/pages\/45\/revisions"}],"predecessor-version":[{"id":900,"href":"https:\/\/www.arikettukangas.com\/index.php\/wp-json\/wp\/v2\/pages\/45\/revisions\/900"}],"wp:attachment":[{"href":"https:\/\/www.arikettukangas.com\/index.php\/wp-json\/wp\/v2\/media?parent=45"}],"curies":[{"name":"wp","href":"https:\/\/api.w.org\/{rel}","templated":true}]}}