{"id":49,"date":"2017-07-21T02:17:56","date_gmt":"2017-07-20T23:17:56","guid":{"rendered":"http:\/\/www.arikettukangas.com\/uusisivusto\/?page_id=49"},"modified":"2025-06-27T17:41:09","modified_gmt":"2025-06-27T14:41:09","slug":"historia","status":"publish","type":"page","link":"https:\/\/www.arikettukangas.com\/index.php\/historia\/","title":{"rendered":"Historia"},"content":{"rendered":"<div class=\"multicolumn-row clearfix\">\n<section class=\"widget clearfix at-2-col widget_text\" style=\"color: #ffffff; background-color: #202529; padding-left: 35px; padding-right: 35px;\">\n<h2 style=\"color: #ffffff;\"><strong>Ari Kettukangas<\/strong><\/h2>\n<p>Ari Kettukangas syntyi Raahessa vuonna 1977. Kiinnostus \u00e4\u00e4nien matkimiseen ja erilaisiin vitseihin her\u00e4si h\u00e4nell\u00e4 jo lapsuudessa. Ennen kouluik\u00e4\u00e4 h\u00e4n kuunteli uteliaana mm. nariseva\u00e4\u00e4nisen radiotoimittaja Esko Riihel\u00e4n liikenneraportteja ja artisti M. A. Nummisen hauskoja laulukiekaisuja. Varsinaisen ensimm\u00e4isen hahmonsa h\u00e4n l\u00f6ysi 12-vuotiaana, kun korvaan tarttui Allu Tuppuraisen luoma lasten suosikki R\u00f6lli-peikko. H\u00e4nen ensiesiintymisens\u00e4 oli SF-Caravan Raahentienoon 20-vuotisjuhlassa Raahessa vuonna 1995.<\/p>\n<p>Nykyisin h\u00e4nell\u00e4 on hallussaan yli sadan julkkiksen \u00e4\u00e4net ja valikoimaan sis\u00e4ltyy reilu parikymment\u00e4 suosikkilaulajaa lauluimitaatioiden muodossa. Ari esiintyy eri puolilla Suomea. H\u00e4n on vieraillut uransa aikana erilaisissa tv-ohjelmissa ja toiminut vuodesta 2008 alkaen radiotoimittajana ja -juontajana Bauer Media Oy:n palveluksessa Radio Pookissa.<\/p>\n<p>Ari Kettukangas palkittiin vuoden paikallisradiojuontajana RadioMedia ry:n j\u00e4rjest\u00e4m\u00e4ss\u00e4 RadioGaalassa per\u00e4kk\u00e4isin\u00e4 vuosina 2019 ja 2020. Voittaja valittiin valtakunnallisen yleis\u00f6\u00e4\u00e4nestyksen perusteella ja kategoriaa edusti kaikki Suomessa toimivat kaupalliset radioasemat.<\/p>\n<\/section>\n<section class=\"widget clearfix at-2-col widget_text\" style=\"background-color: #202529; color: white;\"><img decoding=\"async\" class=\"alignright\" style=\"width: 330px;\" src=\"\/wp-content\/uploads\/AriKettukangasHistoria.jpg\" alt=\"Ari Kettukangas - Historia\" \/><\/section>\n<\/div>\n","protected":false},"excerpt":{"rendered":"<p>Ari Kettukangas Ari Kettukangas syntyi Raahessa vuonna 1977. Kiinnostus \u00e4\u00e4nien matkimiseen ja erilaisiin vitseihin her\u00e4si h\u00e4nell\u00e4 jo lapsuudessa. Ennen kouluik\u00e4\u00e4 h\u00e4n kuunteli uteliaana mm. nariseva\u00e4\u00e4nisen radiotoimittaja Esko Riihel\u00e4n liikenneraportteja ja artisti M. A. Nummisen hauskoja laulukiekaisuja. Varsinaisen ensimm\u00e4isen hahmonsa h\u00e4n [&hellip;]<\/p>\n","protected":false},"author":2,"featured_media":0,"parent":0,"menu_order":6,"comment_status":"closed","ping_status":"closed","template":"page-templates\/page_fullwidth.php","meta":{"footnotes":""},"class_list":["post-49","page","type-page","status-publish","hentry","clearfix"],"yoast_head":"<!-- This site is optimized with the Yoast SEO plugin v27.5 - https:\/\/yoast.com\/product\/yoast-seo-wordpress\/ -->\n<title>Historia<\/title>\n<meta name=\"robots\" content=\"index, follow, max-snippet:-1, max-image-preview:large, max-video-preview:-1\" \/>\n<link rel=\"canonical\" href=\"https:\/\/www.arikettukangas.com\/index.php\/historia\/\" \/>\n<meta property=\"og:locale\" content=\"fi_FI\" \/>\n<meta property=\"og:type\" content=\"article\" \/>\n<meta property=\"og:title\" content=\"Historia\" \/>\n<meta property=\"og:description\" content=\"Ari Kettukangas Ari Kettukangas syntyi Raahessa vuonna 1977. Kiinnostus \u00e4\u00e4nien matkimiseen ja erilaisiin vitseihin her\u00e4si h\u00e4nell\u00e4 jo lapsuudessa. Ennen kouluik\u00e4\u00e4 h\u00e4n kuunteli uteliaana mm. nariseva\u00e4\u00e4nisen radiotoimittaja Esko Riihel\u00e4n liikenneraportteja ja artisti M. A. Nummisen hauskoja laulukiekaisuja. Varsinaisen ensimm\u00e4isen hahmonsa h\u00e4n [&hellip;]\" \/>\n<meta property=\"og:url\" content=\"https:\/\/www.arikettukangas.com\/index.php\/historia\/\" \/>\n<meta property=\"og:site_name\" content=\"Ari Kettukangas imitaattori, laulaja, juontaja\" \/>\n<meta property=\"article:modified_time\" content=\"2025-06-27T14:41:09+00:00\" \/>\n<meta name=\"twitter:card\" content=\"summary_large_image\" \/>\n<meta name=\"twitter:label1\" content=\"Arvioitu lukuaika\" \/>\n\t<meta name=\"twitter:data1\" content=\"2 minuuttia\" \/>\n<script type=\"application\/ld+json\" class=\"yoast-schema-graph\">{\"@context\":\"https:\\\/\\\/schema.org\",\"@graph\":[{\"@type\":\"WebPage\",\"@id\":\"https:\\\/\\\/www.arikettukangas.com\\\/index.php\\\/historia\\\/\",\"url\":\"https:\\\/\\\/www.arikettukangas.com\\\/index.php\\\/historia\\\/\",\"name\":\"Historia\",\"isPartOf\":{\"@id\":\"https:\\\/\\\/www.arikettukangas.com\\\/#website\"},\"datePublished\":\"2017-07-20T23:17:56+00:00\",\"dateModified\":\"2025-06-27T14:41:09+00:00\",\"breadcrumb\":{\"@id\":\"https:\\\/\\\/www.arikettukangas.com\\\/index.php\\\/historia\\\/#breadcrumb\"},\"inLanguage\":\"fi\",\"potentialAction\":[{\"@type\":\"ReadAction\",\"target\":[\"https:\\\/\\\/www.arikettukangas.com\\\/index.php\\\/historia\\\/\"]}]},{\"@type\":\"BreadcrumbList\",\"@id\":\"https:\\\/\\\/www.arikettukangas.com\\\/index.php\\\/historia\\\/#breadcrumb\",\"itemListElement\":[{\"@type\":\"ListItem\",\"position\":1,\"name\":\"Home\",\"item\":\"https:\\\/\\\/www.arikettukangas.com\\\/\"},{\"@type\":\"ListItem\",\"position\":2,\"name\":\"Historia\"}]},{\"@type\":\"WebSite\",\"@id\":\"https:\\\/\\\/www.arikettukangas.com\\\/#website\",\"url\":\"https:\\\/\\\/www.arikettukangas.com\\\/\",\"name\":\"Ari Kettukangas imitaattori, laulaja, juontaja\",\"description\":\"\",\"potentialAction\":[{\"@type\":\"SearchAction\",\"target\":{\"@type\":\"EntryPoint\",\"urlTemplate\":\"https:\\\/\\\/www.arikettukangas.com\\\/?s={search_term_string}\"},\"query-input\":{\"@type\":\"PropertyValueSpecification\",\"valueRequired\":true,\"valueName\":\"search_term_string\"}}],\"inLanguage\":\"fi\"}]}<\/script>\n<!-- \/ Yoast SEO plugin. -->","yoast_head_json":{"title":"Historia","robots":{"index":"index","follow":"follow","max-snippet":"max-snippet:-1","max-image-preview":"max-image-preview:large","max-video-preview":"max-video-preview:-1"},"canonical":"https:\/\/www.arikettukangas.com\/index.php\/historia\/","og_locale":"fi_FI","og_type":"article","og_title":"Historia","og_description":"Ari Kettukangas Ari Kettukangas syntyi Raahessa vuonna 1977. Kiinnostus \u00e4\u00e4nien matkimiseen ja erilaisiin vitseihin her\u00e4si h\u00e4nell\u00e4 jo lapsuudessa. Ennen kouluik\u00e4\u00e4 h\u00e4n kuunteli uteliaana mm. nariseva\u00e4\u00e4nisen radiotoimittaja Esko Riihel\u00e4n liikenneraportteja ja artisti M. A. Nummisen hauskoja laulukiekaisuja. Varsinaisen ensimm\u00e4isen hahmonsa h\u00e4n [&hellip;]","og_url":"https:\/\/www.arikettukangas.com\/index.php\/historia\/","og_site_name":"Ari Kettukangas imitaattori, laulaja, juontaja","article_modified_time":"2025-06-27T14:41:09+00:00","twitter_card":"summary_large_image","twitter_misc":{"Arvioitu lukuaika":"2 minuuttia"},"schema":{"@context":"https:\/\/schema.org","@graph":[{"@type":"WebPage","@id":"https:\/\/www.arikettukangas.com\/index.php\/historia\/","url":"https:\/\/www.arikettukangas.com\/index.php\/historia\/","name":"Historia","isPartOf":{"@id":"https:\/\/www.arikettukangas.com\/#website"},"datePublished":"2017-07-20T23:17:56+00:00","dateModified":"2025-06-27T14:41:09+00:00","breadcrumb":{"@id":"https:\/\/www.arikettukangas.com\/index.php\/historia\/#breadcrumb"},"inLanguage":"fi","potentialAction":[{"@type":"ReadAction","target":["https:\/\/www.arikettukangas.com\/index.php\/historia\/"]}]},{"@type":"BreadcrumbList","@id":"https:\/\/www.arikettukangas.com\/index.php\/historia\/#breadcrumb","itemListElement":[{"@type":"ListItem","position":1,"name":"Home","item":"https:\/\/www.arikettukangas.com\/"},{"@type":"ListItem","position":2,"name":"Historia"}]},{"@type":"WebSite","@id":"https:\/\/www.arikettukangas.com\/#website","url":"https:\/\/www.arikettukangas.com\/","name":"Ari Kettukangas imitaattori, laulaja, juontaja","description":"","potentialAction":[{"@type":"SearchAction","target":{"@type":"EntryPoint","urlTemplate":"https:\/\/www.arikettukangas.com\/?s={search_term_string}"},"query-input":{"@type":"PropertyValueSpecification","valueRequired":true,"valueName":"search_term_string"}}],"inLanguage":"fi"}]}},"_links":{"self":[{"href":"https:\/\/www.arikettukangas.com\/index.php\/wp-json\/wp\/v2\/pages\/49","targetHints":{"allow":["GET"]}}],"collection":[{"href":"https:\/\/www.arikettukangas.com\/index.php\/wp-json\/wp\/v2\/pages"}],"about":[{"href":"https:\/\/www.arikettukangas.com\/index.php\/wp-json\/wp\/v2\/types\/page"}],"author":[{"embeddable":true,"href":"https:\/\/www.arikettukangas.com\/index.php\/wp-json\/wp\/v2\/users\/2"}],"replies":[{"embeddable":true,"href":"https:\/\/www.arikettukangas.com\/index.php\/wp-json\/wp\/v2\/comments?post=49"}],"version-history":[{"count":76,"href":"https:\/\/www.arikettukangas.com\/index.php\/wp-json\/wp\/v2\/pages\/49\/revisions"}],"predecessor-version":[{"id":1004,"href":"https:\/\/www.arikettukangas.com\/index.php\/wp-json\/wp\/v2\/pages\/49\/revisions\/1004"}],"wp:attachment":[{"href":"https:\/\/www.arikettukangas.com\/index.php\/wp-json\/wp\/v2\/media?parent=49"}],"curies":[{"name":"wp","href":"https:\/\/api.w.org\/{rel}","templated":true}]}}