{"id":5,"date":"2017-07-12T00:38:30","date_gmt":"2017-07-11T21:38:30","guid":{"rendered":"http:\/\/www.arikettukangas.com\/uusisivusto\/?page_id=5"},"modified":"2023-11-02T14:22:00","modified_gmt":"2023-11-02T12:22:00","slug":"etusivu","status":"publish","type":"page","link":"https:\/\/www.arikettukangas.com\/","title":{"rendered":"Etusivu"},"content":{"rendered":"\n<div class=\"wp-block-columns is-layout-flex wp-container-core-columns-is-layout-9d6595d7 wp-block-columns-is-layout-flex\">\n<div class=\"wp-block-column facebook-osa is-layout-flow wp-block-column-is-layout-flow\" style=\"flex-basis:45%\">\n<div class=\"wp-block-group\"><div class=\"wp-block-group__inner-container is-layout-flow wp-block-group-is-layout-flow\">\n<div id=\"fb-root\"> <\/div>\n<p><script>(function(d, s, id) {\n  var js, fjs = d.getElementsByTagName(s)[0];\n  if (d.getElementById(id)) return;\n  js = d.createElement(s); js.id = id;\n  js.src = \"\/\/connect.facebook.net\/fi_FI\/sdk.js#xfbml=1&version=v2.4\";\n  fjs.parentNode.insertBefore(js, fjs);\n}(document, 'script', 'facebook-jssdk'));<\/script><\/p>\n<div class=\"fb-page\" data-href=\"https:\/\/www.facebook.com\/Imitaattori-Ari-Kettukangas-fanisivu-1048750508503600\/\" data-tabs=\"timeline\" data-width=\"600\" data-height=\"550\" data-small-header=\"false\" data-adapt-container-width=\"true\" data-hide-cover=\"false\" data-show-facepile=\"true\">\n<blockquote class=\"fb-xfbml-parse-ignore\" cite=\"https:\/\/www.facebook.com\/Imitaattori-Ari-Kettukangas-fanisivu-1048750508503600\/\">\n<p><a href=\"https:\/\/www.facebook.com\/Imitaattori-Ari-Kettukangas-fanisivu-1048750508503600\/\">Imitaattori Ari Kettukangas -fanisivu<\/a><\/p>\n<\/blockquote>\n<\/div>\n<\/div><\/div>\n\n\n\n<p><\/p>\n<\/div>\n\n\n\n<div class=\"wp-block-column is-vertically-aligned-top youtube-osa is-layout-flow wp-block-column-is-layout-flow\" style=\"flex-basis:45%\">\n<div class=\"wp-block-group\"><div class=\"wp-block-group__inner-container is-layout-flow wp-block-group-is-layout-flow\">\n<figure class=\"wp-block-embed is-type-video is-provider-youtube wp-block-embed-youtube wp-embed-aspect-16-9 wp-has-aspect-ratio\"><div class=\"wp-block-embed__wrapper\">\n<iframe loading=\"lazy\" title=\"Imitaattori-Juontaja Ari Kettukangas -Live\" width=\"640\" height=\"360\" src=\"https:\/\/www.youtube.com\/embed\/WGx-MNU9r_I?feature=oembed\" frameborder=\"0\" allow=\"accelerometer; autoplay; clipboard-write; encrypted-media; gyroscope; picture-in-picture; web-share\" referrerpolicy=\"strict-origin-when-cross-origin\" allowfullscreen><\/iframe>\n<\/div><\/figure>\n<\/div><\/div>\n<\/div>\n<\/div>\n","protected":false},"excerpt":{"rendered":"<p>Imitaattori Ari Kettukangas -fanisivu<\/p>\n","protected":false},"author":2,"featured_media":0,"parent":0,"menu_order":0,"comment_status":"closed","ping_status":"closed","template":"page-templates\/page_fullwidth.php","meta":{"footnotes":""},"class_list":["post-5","page","type-page","status-publish","hentry","clearfix"],"yoast_head":"<!-- This site is optimized with the Yoast SEO plugin v27.6 - https:\/\/yoast.com\/product\/yoast-seo-wordpress\/ -->\n<title>Etusivu - Ari Kettukangas imitaattori, laulaja, juontaja<\/title>\n<meta name=\"description\" content=\"Monella \u00e4\u00e4nell\u00e4 l\u00e4mpim\u00e4sti tervetuloa virallisille sivuilleni! Voit tilata minut viihdytt\u00e4m\u00e4\u00e4n yritys-, yleis\u00f6- ja yksityistilaisuuksiin. Ota yhteytt\u00e4 ja kysy lis\u00e4\u00e4!\" \/>\n<meta name=\"robots\" content=\"index, follow, max-snippet:-1, max-image-preview:large, max-video-preview:-1\" \/>\n<link rel=\"canonical\" href=\"https:\/\/www.arikettukangas.com\/\" \/>\n<meta property=\"og:locale\" content=\"fi_FI\" \/>\n<meta property=\"og:type\" content=\"article\" \/>\n<meta property=\"og:title\" content=\"Etusivu - Ari Kettukangas imitaattori, laulaja, juontaja\" \/>\n<meta property=\"og:description\" content=\"Monella \u00e4\u00e4nell\u00e4 l\u00e4mpim\u00e4sti tervetuloa virallisille sivuilleni! Voit tilata minut viihdytt\u00e4m\u00e4\u00e4n yritys-, yleis\u00f6- ja yksityistilaisuuksiin. Ota yhteytt\u00e4 ja kysy lis\u00e4\u00e4!\" \/>\n<meta property=\"og:url\" content=\"https:\/\/www.arikettukangas.com\/\" \/>\n<meta property=\"og:site_name\" content=\"Ari Kettukangas imitaattori, laulaja, juontaja\" \/>\n<meta property=\"article:modified_time\" content=\"2023-11-02T12:22:00+00:00\" \/>\n<meta name=\"twitter:card\" content=\"summary_large_image\" \/>\n<meta name=\"twitter:label1\" content=\"Arvioitu lukuaika\" \/>\n\t<meta name=\"twitter:data1\" content=\"1 minuutti\" \/>\n<script type=\"application\/ld+json\" class=\"yoast-schema-graph\">{\"@context\":\"https:\\\/\\\/schema.org\",\"@graph\":[{\"@type\":\"WebPage\",\"@id\":\"https:\\\/\\\/www.arikettukangas.com\\\/\",\"url\":\"https:\\\/\\\/www.arikettukangas.com\\\/\",\"name\":\"Etusivu - Ari Kettukangas imitaattori, laulaja, juontaja\",\"isPartOf\":{\"@id\":\"https:\\\/\\\/www.arikettukangas.com\\\/#website\"},\"datePublished\":\"2017-07-11T21:38:30+00:00\",\"dateModified\":\"2023-11-02T12:22:00+00:00\",\"description\":\"Monella \u00e4\u00e4nell\u00e4 l\u00e4mpim\u00e4sti tervetuloa virallisille sivuilleni! Voit tilata minut viihdytt\u00e4m\u00e4\u00e4n yritys-, yleis\u00f6- ja yksityistilaisuuksiin. Ota yhteytt\u00e4 ja kysy lis\u00e4\u00e4!\",\"breadcrumb\":{\"@id\":\"https:\\\/\\\/www.arikettukangas.com\\\/#breadcrumb\"},\"inLanguage\":\"fi\",\"potentialAction\":[{\"@type\":\"ReadAction\",\"target\":[\"https:\\\/\\\/www.arikettukangas.com\\\/\"]}]},{\"@type\":\"BreadcrumbList\",\"@id\":\"https:\\\/\\\/www.arikettukangas.com\\\/#breadcrumb\",\"itemListElement\":[{\"@type\":\"ListItem\",\"position\":1,\"name\":\"Home\",\"item\":\"https:\\\/\\\/www.arikettukangas.com\\\/\"},{\"@type\":\"ListItem\",\"position\":2,\"name\":\"Etusivu\"}]},{\"@type\":\"WebSite\",\"@id\":\"https:\\\/\\\/www.arikettukangas.com\\\/#website\",\"url\":\"https:\\\/\\\/www.arikettukangas.com\\\/\",\"name\":\"Ari Kettukangas imitaattori, laulaja, juontaja\",\"description\":\"\",\"potentialAction\":[{\"@type\":\"SearchAction\",\"target\":{\"@type\":\"EntryPoint\",\"urlTemplate\":\"https:\\\/\\\/www.arikettukangas.com\\\/?s={search_term_string}\"},\"query-input\":{\"@type\":\"PropertyValueSpecification\",\"valueRequired\":true,\"valueName\":\"search_term_string\"}}],\"inLanguage\":\"fi\"}]}<\/script>\n<!-- \/ Yoast SEO plugin. -->","yoast_head_json":{"title":"Etusivu - Ari Kettukangas imitaattori, laulaja, juontaja","description":"Monella \u00e4\u00e4nell\u00e4 l\u00e4mpim\u00e4sti tervetuloa virallisille sivuilleni! Voit tilata minut viihdytt\u00e4m\u00e4\u00e4n yritys-, yleis\u00f6- ja yksityistilaisuuksiin. Ota yhteytt\u00e4 ja kysy lis\u00e4\u00e4!","robots":{"index":"index","follow":"follow","max-snippet":"max-snippet:-1","max-image-preview":"max-image-preview:large","max-video-preview":"max-video-preview:-1"},"canonical":"https:\/\/www.arikettukangas.com\/","og_locale":"fi_FI","og_type":"article","og_title":"Etusivu - Ari Kettukangas imitaattori, laulaja, juontaja","og_description":"Monella \u00e4\u00e4nell\u00e4 l\u00e4mpim\u00e4sti tervetuloa virallisille sivuilleni! Voit tilata minut viihdytt\u00e4m\u00e4\u00e4n yritys-, yleis\u00f6- ja yksityistilaisuuksiin. Ota yhteytt\u00e4 ja kysy lis\u00e4\u00e4!","og_url":"https:\/\/www.arikettukangas.com\/","og_site_name":"Ari Kettukangas imitaattori, laulaja, juontaja","article_modified_time":"2023-11-02T12:22:00+00:00","twitter_card":"summary_large_image","twitter_misc":{"Arvioitu lukuaika":"1 minuutti"},"schema":{"@context":"https:\/\/schema.org","@graph":[{"@type":"WebPage","@id":"https:\/\/www.arikettukangas.com\/","url":"https:\/\/www.arikettukangas.com\/","name":"Etusivu - Ari Kettukangas imitaattori, laulaja, juontaja","isPartOf":{"@id":"https:\/\/www.arikettukangas.com\/#website"},"datePublished":"2017-07-11T21:38:30+00:00","dateModified":"2023-11-02T12:22:00+00:00","description":"Monella \u00e4\u00e4nell\u00e4 l\u00e4mpim\u00e4sti tervetuloa virallisille sivuilleni! Voit tilata minut viihdytt\u00e4m\u00e4\u00e4n yritys-, yleis\u00f6- ja yksityistilaisuuksiin. Ota yhteytt\u00e4 ja kysy lis\u00e4\u00e4!","breadcrumb":{"@id":"https:\/\/www.arikettukangas.com\/#breadcrumb"},"inLanguage":"fi","potentialAction":[{"@type":"ReadAction","target":["https:\/\/www.arikettukangas.com\/"]}]},{"@type":"BreadcrumbList","@id":"https:\/\/www.arikettukangas.com\/#breadcrumb","itemListElement":[{"@type":"ListItem","position":1,"name":"Home","item":"https:\/\/www.arikettukangas.com\/"},{"@type":"ListItem","position":2,"name":"Etusivu"}]},{"@type":"WebSite","@id":"https:\/\/www.arikettukangas.com\/#website","url":"https:\/\/www.arikettukangas.com\/","name":"Ari Kettukangas imitaattori, laulaja, juontaja","description":"","potentialAction":[{"@type":"SearchAction","target":{"@type":"EntryPoint","urlTemplate":"https:\/\/www.arikettukangas.com\/?s={search_term_string}"},"query-input":{"@type":"PropertyValueSpecification","valueRequired":true,"valueName":"search_term_string"}}],"inLanguage":"fi"}]}},"_links":{"self":[{"href":"https:\/\/www.arikettukangas.com\/index.php\/wp-json\/wp\/v2\/pages\/5","targetHints":{"allow":["GET"]}}],"collection":[{"href":"https:\/\/www.arikettukangas.com\/index.php\/wp-json\/wp\/v2\/pages"}],"about":[{"href":"https:\/\/www.arikettukangas.com\/index.php\/wp-json\/wp\/v2\/types\/page"}],"author":[{"embeddable":true,"href":"https:\/\/www.arikettukangas.com\/index.php\/wp-json\/wp\/v2\/users\/2"}],"replies":[{"embeddable":true,"href":"https:\/\/www.arikettukangas.com\/index.php\/wp-json\/wp\/v2\/comments?post=5"}],"version-history":[{"count":68,"href":"https:\/\/www.arikettukangas.com\/index.php\/wp-json\/wp\/v2\/pages\/5\/revisions"}],"predecessor-version":[{"id":965,"href":"https:\/\/www.arikettukangas.com\/index.php\/wp-json\/wp\/v2\/pages\/5\/revisions\/965"}],"wp:attachment":[{"href":"https:\/\/www.arikettukangas.com\/index.php\/wp-json\/wp\/v2\/media?parent=5"}],"curies":[{"name":"wp","href":"https:\/\/api.w.org\/{rel}","templated":true}]}}