{"id":52,"date":"2017-07-22T22:15:08","date_gmt":"2017-07-22T19:15:08","guid":{"rendered":"http:\/\/www.arikettukangas.com\/uusisivusto\/?page_id=52"},"modified":"2020-07-07T17:42:28","modified_gmt":"2020-07-07T14:42:28","slug":"yhteystiedot","status":"publish","type":"page","link":"https:\/\/www.arikettukangas.com\/index.php\/yhteystiedot\/","title":{"rendered":"Ota yhteytt\u00e4"},"content":{"rendered":"<div class=\"multicolumn-row clearfix\">\n<section class=\"widget clearfix at-2-col widget_text\" style=\"padding-top: 15px; padding-left: 25px; padding-right: 35px; background-color: #202529;\">\n<h3 style=\"color: #ffffff;\">Ari Kettukangas<\/h3>\n<p style=\"color: #ffffff;\">Puhelin: 040 062 9506<br \/>\nS\u00e4hk\u00f6posti:&nbsp;<a href=\"mailto:imitaattori@arikettukangas.com\" target=\"_blank\" rel=\"noopener noreferrer\">imitaattori@arikettukangas.com<\/a><br \/>\nRaahe, Oulu, Pohjois-Pohjanmaa, Pohjois-Suomi<\/p>\n<p style=\"padding-bottom:10px;\"><a target=\"_blank\" href=\"https:\/\/fi-fi.facebook.com\/Imitaattori-Ari-Kettukangas-fanisivu-1048750508503600\/\" rel=\"noopener noreferrer\"><img decoding=\"async\" style=\"height:60px; padding-bottom:5px; padding-right:15px;\" src=\"\/wp-content\/uploads\/facebook.png\" alt=\"\"><\/a><\/p>\n<p><!--\n<a href=\"#\"><img decoding=\"async\" style=\"height:60px;padding-right:13px; padding-bottom:5px;\" src=\"\/wp-content\/uploads\/youtube_logo_white_65.png\" alt=\"\" \/><\/a><a href=\"#\"><img decoding=\"async\" style=\"height:60px;padding-right:13px; padding-bottom:5px;\" src=\"\/wp-content\/uploads\/insta.png\" alt=\"\" \/><\/a>--><\/p>\n<p><img decoding=\"async\" src=\"\/wp-content\/uploads\/photo-gallery\/IMG_1941-Edit-Edit-Edit.jpg\" alt=\"\" style=\"height:275px\" ;=\"\"><\/p>\n<h3 style=\"color: #ffffff; padding-top: 10px; padding-bottom: 15px;\"><em><strong>Keikoilla n\u00e4hd\u00e4\u00e4n!<\/strong><\/em><\/h3>\n<p><img decoding=\"async\" src=\"\/wp-content\/uploads\/Arin_Signeeraus.png\" alt=\"\"><\/p>\n<\/section>\n<section class=\"widget clearfix at-2-col widget_text\" style=\"padding-left: 25px; padding-top: 25px; background-color: #202529;\">\n<p style=\"float: right; margin-right:20px;\">*) Pakollinen tieto<\/p>\n<h3 style=\"color: #ffffff;\">PYYD\u00c4 TARJOUS<\/h3>\n\n<div class=\"wpcf7 no-js\" id=\"wpcf7-f58-o1\" lang=\"fi\" dir=\"ltr\" data-wpcf7-id=\"58\">\n<div class=\"screen-reader-response\"><p role=\"status\" aria-live=\"polite\" aria-atomic=\"true\"><\/p> <ul><\/ul><\/div>\n<form action=\"\/index.php\/wp-json\/wp\/v2\/pages\/52#wpcf7-f58-o1\" method=\"post\" class=\"wpcf7-form init\" aria-label=\"Yhteydenottolomake\" novalidate=\"novalidate\" data-status=\"init\">\n<fieldset class=\"hidden-fields-container\"><input type=\"hidden\" name=\"_wpcf7\" value=\"58\" \/><input type=\"hidden\" name=\"_wpcf7_version\" value=\"6.1.5\" \/><input type=\"hidden\" name=\"_wpcf7_locale\" value=\"fi\" \/><input type=\"hidden\" name=\"_wpcf7_unit_tag\" value=\"wpcf7-f58-o1\" \/><input type=\"hidden\" name=\"_wpcf7_container_post\" value=\"0\" \/><input type=\"hidden\" name=\"_wpcf7_posted_data_hash\" value=\"\" \/>\n<\/fieldset>\n<p><label> Yrityksen nimi<br \/>\n<span class=\"wpcf7-form-control-wrap\" data-name=\"yritys\"><input size=\"40\" maxlength=\"400\" class=\"wpcf7-form-control wpcf7-text wpcf7-validates-as-required\" aria-required=\"true\" aria-invalid=\"false\" value=\"\" type=\"text\" name=\"yritys\" \/><\/span> <\/label>\n<\/p>\n<p><label> Yhteyshenkil\u00f6n nimi *<br \/>\n<span class=\"wpcf7-form-control-wrap\" data-name=\"your-name\"><input size=\"40\" maxlength=\"400\" class=\"wpcf7-form-control wpcf7-text wpcf7-validates-as-required\" aria-required=\"true\" aria-invalid=\"false\" value=\"\" type=\"text\" name=\"your-name\" \/><\/span> <\/label>\n<\/p>\n<p><label> Yhteyshenkil\u00f6n puhelinnumero *<br \/>\n<span class=\"wpcf7-form-control-wrap\" data-name=\"tel-299\"><input size=\"40\" maxlength=\"400\" class=\"wpcf7-form-control wpcf7-tel wpcf7-validates-as-required wpcf7-text wpcf7-validates-as-tel\" aria-required=\"true\" aria-invalid=\"false\" value=\"\" type=\"tel\" name=\"tel-299\" \/><\/span><\/label>\n<\/p>\n<p><label> Yhteyshenkil\u00f6n s\u00e4hk\u00f6posti *<br \/>\n<span class=\"wpcf7-form-control-wrap\" data-name=\"your-email\"><input size=\"40\" maxlength=\"400\" class=\"wpcf7-form-control wpcf7-email wpcf7-validates-as-required wpcf7-text wpcf7-validates-as-email\" aria-required=\"true\" aria-invalid=\"false\" value=\"\" type=\"email\" name=\"your-email\" \/><\/span> <\/label>\n<\/p>\n<p><label>Esiintymisteht\u00e4v\u00e4: <span class=\"wpcf7-form-control-wrap\" data-name=\"menu-267\"><select class=\"wpcf7-form-control wpcf7-select wpcf7-validates-as-required\" aria-required=\"true\" aria-invalid=\"false\" name=\"menu-267\"><option value=\"Imitaattori\">Imitaattori<\/option><option value=\"Juontaja\">Juontaja<\/option><option value=\"Huutokauppameklari\">Huutokauppameklari<\/option><option value=\"Mainosspiikkaus\">Mainosspiikkaus<\/option><option value=\"Muu\">Muu<\/option><\/select><\/span><\/label>\n<\/p>\n<p><label>Tapahtuman nimi<br \/>\n<span class=\"wpcf7-form-control-wrap\" data-name=\"your-subject\"><input size=\"40\" maxlength=\"400\" class=\"wpcf7-form-control wpcf7-text\" aria-invalid=\"false\" value=\"\" type=\"text\" name=\"your-subject\" \/><\/span> <\/label>\n<\/p>\n<p><label>Aika<br \/>\n<span class=\"wpcf7-form-control-wrap\" data-name=\"text-886\"><input size=\"40\" maxlength=\"400\" class=\"wpcf7-form-control wpcf7-text\" aria-invalid=\"false\" value=\"\" type=\"text\" name=\"text-886\" \/><\/span><\/label>\n<\/p>\n<p><label>Paikka<br \/>\n<span class=\"wpcf7-form-control-wrap\" data-name=\"text-887\"><input size=\"40\" maxlength=\"400\" class=\"wpcf7-form-control wpcf7-text\" aria-invalid=\"false\" value=\"\" type=\"text\" name=\"text-887\" \/><\/span><\/label>\n<\/p>\n<p><label> Lis\u00e4tiedot<br \/>\n<span class=\"wpcf7-form-control-wrap\" data-name=\"text-49\"><input size=\"40\" maxlength=\"400\" class=\"wpcf7-form-control wpcf7-text\" aria-invalid=\"false\" value=\"\" type=\"text\" name=\"text-49\" \/><\/span> <\/label>\n<\/p>\n<p><input class=\"wpcf7-form-control wpcf7-submit has-spinner\" type=\"submit\" value=\"L\u00e4het\u00e4\" \/>\n<\/p><div class=\"wpcf7-response-output\" aria-hidden=\"true\"><\/div>\n<\/form>\n<\/div>\n\n<\/section>\n<\/div>\n","protected":false},"excerpt":{"rendered":"<p>Ari Kettukangas Puhelin: 040 062 9506 S\u00e4hk\u00f6posti:&nbsp;imitaattori@arikettukangas.com Raahe, Oulu, Pohjois-Pohjanmaa, Pohjois-Suomi Keikoilla n\u00e4hd\u00e4\u00e4n! *) Pakollinen tieto PYYD\u00c4 TARJOUS<\/p>\n","protected":false},"author":2,"featured_media":0,"parent":0,"menu_order":8,"comment_status":"closed","ping_status":"closed","template":"page-templates\/page_fullwidth.php","meta":{"footnotes":""},"class_list":["post-52","page","type-page","status-publish","hentry","clearfix"],"yoast_head":"<!-- This site is optimized with the Yoast SEO plugin v27.6 - https:\/\/yoast.com\/product\/yoast-seo-wordpress\/ -->\n<title>Yhteystiedot<\/title>\n<meta name=\"robots\" content=\"index, follow, max-snippet:-1, max-image-preview:large, max-video-preview:-1\" \/>\n<link rel=\"canonical\" href=\"https:\/\/www.arikettukangas.com\/index.php\/yhteystiedot\/\" \/>\n<meta property=\"og:locale\" content=\"fi_FI\" \/>\n<meta property=\"og:type\" content=\"article\" \/>\n<meta property=\"og:title\" content=\"Yhteystiedot\" \/>\n<meta property=\"og:description\" content=\"Ari Kettukangas Puhelin: 040 062 9506 S\u00e4hk\u00f6posti:&nbsp;imitaattori@arikettukangas.com Raahe, Oulu, Pohjois-Pohjanmaa, Pohjois-Suomi Keikoilla n\u00e4hd\u00e4\u00e4n! *) Pakollinen tieto PYYD\u00c4 TARJOUS\" \/>\n<meta property=\"og:url\" content=\"https:\/\/www.arikettukangas.com\/index.php\/yhteystiedot\/\" \/>\n<meta property=\"og:site_name\" content=\"Ari Kettukangas imitaattori, laulaja, juontaja\" \/>\n<meta property=\"article:modified_time\" content=\"2020-07-07T14:42:28+00:00\" \/>\n<meta name=\"twitter:card\" content=\"summary_large_image\" \/>\n<script type=\"application\/ld+json\" class=\"yoast-schema-graph\">{\"@context\":\"https:\\\/\\\/schema.org\",\"@graph\":[{\"@type\":\"WebPage\",\"@id\":\"https:\\\/\\\/www.arikettukangas.com\\\/index.php\\\/yhteystiedot\\\/\",\"url\":\"https:\\\/\\\/www.arikettukangas.com\\\/index.php\\\/yhteystiedot\\\/\",\"name\":\"Yhteystiedot\",\"isPartOf\":{\"@id\":\"https:\\\/\\\/www.arikettukangas.com\\\/#website\"},\"datePublished\":\"2017-07-22T19:15:08+00:00\",\"dateModified\":\"2020-07-07T14:42:28+00:00\",\"breadcrumb\":{\"@id\":\"https:\\\/\\\/www.arikettukangas.com\\\/index.php\\\/yhteystiedot\\\/#breadcrumb\"},\"inLanguage\":\"fi\",\"potentialAction\":[{\"@type\":\"ReadAction\",\"target\":[\"https:\\\/\\\/www.arikettukangas.com\\\/index.php\\\/yhteystiedot\\\/\"]}]},{\"@type\":\"BreadcrumbList\",\"@id\":\"https:\\\/\\\/www.arikettukangas.com\\\/index.php\\\/yhteystiedot\\\/#breadcrumb\",\"itemListElement\":[{\"@type\":\"ListItem\",\"position\":1,\"name\":\"Home\",\"item\":\"https:\\\/\\\/www.arikettukangas.com\\\/\"},{\"@type\":\"ListItem\",\"position\":2,\"name\":\"Ota yhteytt\u00e4\"}]},{\"@type\":\"WebSite\",\"@id\":\"https:\\\/\\\/www.arikettukangas.com\\\/#website\",\"url\":\"https:\\\/\\\/www.arikettukangas.com\\\/\",\"name\":\"Ari Kettukangas imitaattori, laulaja, juontaja\",\"description\":\"\",\"potentialAction\":[{\"@type\":\"SearchAction\",\"target\":{\"@type\":\"EntryPoint\",\"urlTemplate\":\"https:\\\/\\\/www.arikettukangas.com\\\/?s={search_term_string}\"},\"query-input\":{\"@type\":\"PropertyValueSpecification\",\"valueRequired\":true,\"valueName\":\"search_term_string\"}}],\"inLanguage\":\"fi\"}]}<\/script>\n<!-- \/ Yoast SEO plugin. -->","yoast_head_json":{"title":"Yhteystiedot","robots":{"index":"index","follow":"follow","max-snippet":"max-snippet:-1","max-image-preview":"max-image-preview:large","max-video-preview":"max-video-preview:-1"},"canonical":"https:\/\/www.arikettukangas.com\/index.php\/yhteystiedot\/","og_locale":"fi_FI","og_type":"article","og_title":"Yhteystiedot","og_description":"Ari Kettukangas Puhelin: 040 062 9506 S\u00e4hk\u00f6posti:&nbsp;imitaattori@arikettukangas.com Raahe, Oulu, Pohjois-Pohjanmaa, Pohjois-Suomi Keikoilla n\u00e4hd\u00e4\u00e4n! *) Pakollinen tieto PYYD\u00c4 TARJOUS","og_url":"https:\/\/www.arikettukangas.com\/index.php\/yhteystiedot\/","og_site_name":"Ari Kettukangas imitaattori, laulaja, juontaja","article_modified_time":"2020-07-07T14:42:28+00:00","twitter_card":"summary_large_image","schema":{"@context":"https:\/\/schema.org","@graph":[{"@type":"WebPage","@id":"https:\/\/www.arikettukangas.com\/index.php\/yhteystiedot\/","url":"https:\/\/www.arikettukangas.com\/index.php\/yhteystiedot\/","name":"Yhteystiedot","isPartOf":{"@id":"https:\/\/www.arikettukangas.com\/#website"},"datePublished":"2017-07-22T19:15:08+00:00","dateModified":"2020-07-07T14:42:28+00:00","breadcrumb":{"@id":"https:\/\/www.arikettukangas.com\/index.php\/yhteystiedot\/#breadcrumb"},"inLanguage":"fi","potentialAction":[{"@type":"ReadAction","target":["https:\/\/www.arikettukangas.com\/index.php\/yhteystiedot\/"]}]},{"@type":"BreadcrumbList","@id":"https:\/\/www.arikettukangas.com\/index.php\/yhteystiedot\/#breadcrumb","itemListElement":[{"@type":"ListItem","position":1,"name":"Home","item":"https:\/\/www.arikettukangas.com\/"},{"@type":"ListItem","position":2,"name":"Ota yhteytt\u00e4"}]},{"@type":"WebSite","@id":"https:\/\/www.arikettukangas.com\/#website","url":"https:\/\/www.arikettukangas.com\/","name":"Ari Kettukangas imitaattori, laulaja, juontaja","description":"","potentialAction":[{"@type":"SearchAction","target":{"@type":"EntryPoint","urlTemplate":"https:\/\/www.arikettukangas.com\/?s={search_term_string}"},"query-input":{"@type":"PropertyValueSpecification","valueRequired":true,"valueName":"search_term_string"}}],"inLanguage":"fi"}]}},"_links":{"self":[{"href":"https:\/\/www.arikettukangas.com\/index.php\/wp-json\/wp\/v2\/pages\/52","targetHints":{"allow":["GET"]}}],"collection":[{"href":"https:\/\/www.arikettukangas.com\/index.php\/wp-json\/wp\/v2\/pages"}],"about":[{"href":"https:\/\/www.arikettukangas.com\/index.php\/wp-json\/wp\/v2\/types\/page"}],"author":[{"embeddable":true,"href":"https:\/\/www.arikettukangas.com\/index.php\/wp-json\/wp\/v2\/users\/2"}],"replies":[{"embeddable":true,"href":"https:\/\/www.arikettukangas.com\/index.php\/wp-json\/wp\/v2\/comments?post=52"}],"version-history":[{"count":110,"href":"https:\/\/www.arikettukangas.com\/index.php\/wp-json\/wp\/v2\/pages\/52\/revisions"}],"predecessor-version":[{"id":903,"href":"https:\/\/www.arikettukangas.com\/index.php\/wp-json\/wp\/v2\/pages\/52\/revisions\/903"}],"wp:attachment":[{"href":"https:\/\/www.arikettukangas.com\/index.php\/wp-json\/wp\/v2\/media?parent=52"}],"curies":[{"name":"wp","href":"https:\/\/api.w.org\/{rel}","templated":true}]}}